{"id":2755,"date":"2020-06-26T17:06:42","date_gmt":"2020-06-26T14:06:42","guid":{"rendered":"http:\/\/www.ksttukku.fi\/cms\/?post_type=product&#038;p=2755"},"modified":"2020-06-26T17:06:42","modified_gmt":"2020-06-26T14:06:42","slug":"emax-poytatuuletin-40cm","status":"publish","type":"product","link":"https:\/\/www.ksttukku.fi\/cms\/tuote\/emax-poytatuuletin-40cm\/","title":{"rendered":"Emax p\u00f6yt\u00e4tuuletin 40cm"},"content":{"rendered":"<p>Emax -p\u00f6yt\u00e4tuuletin tuottaa mukavan ilmavirran kuumien kelien viilennystarpeisiin tai tilojen ilmanvaihdon tehostamiseen. N\u00e4pp\u00e4r\u00e4n kokoinen p\u00f6yt\u00e4tuuletin on helposti siirrett\u00e4viss\u00e4 juuri sinne, miss\u00e4 tarvitset viilennyst\u00e4 eniten. Esimerkiksi kuumina kes\u00e4\u00f6in\u00e4 hiljainen ja s\u00e4\u00e4dett\u00e4v\u00e4 p\u00f6yt\u00e4tuuletin s\u00e4ngyn vieress\u00e4 saa sinut nukkumaan y\u00f6si paremmin. Selke\u00e4t painikkeet kolmen eri puhallusnopeuden s\u00e4\u00e4t\u00e4miseksi sek\u00e4 sivuttaisliikemahdollisuus. Mitat: 270 x 400 x 560 mm Paino: 1,9 kg Teho: 40W 230 V ~50Hz IPX0 3 nopeutta Materiaali: muovi Johdon pituus: 1,5 m CE\/ ROHS \/GS<\/p>\n","protected":false},"excerpt":{"rendered":"<p>Emax -p\u00f6yt\u00e4tuuletin tuottaa mukavan ilmavirran kuumien kelien viilennystarpeisiin tai tilojen ilmanvaihdon tehostamiseen. N\u00e4pp\u00e4r\u00e4n kokoinen p\u00f6yt\u00e4tuuletin on helposti siirrett\u00e4viss\u00e4 juuri sinne, miss\u00e4 tarvitset viilennyst\u00e4 eniten. Esimerkiksi kuumina kes\u00e4\u00f6in\u00e4 hiljainen ja s\u00e4\u00e4dett\u00e4v\u00e4 p\u00f6yt\u00e4tuuletin s\u00e4ngyn vieress\u00e4 saa sinut nukkumaan y\u00f6si paremmin. Selke\u00e4t painikkeet &hellip;<\/p>\n<p class=\"read-more\"> <a class=\"more-link\" href=\"https:\/\/www.ksttukku.fi\/cms\/tuote\/emax-poytatuuletin-40cm\/\"> <span class=\"screen-reader-text\">Emax p\u00f6yt\u00e4tuuletin 40cm<\/span> Lue lis\u00e4\u00e4 &raquo;<\/a><\/p>\n","protected":false},"featured_media":2756,"comment_status":"open","ping_status":"closed","template":"","meta":[],"product_brand":[],"product_cat":[98],"product_tag":[],"class_list":{"0":"post-2755","1":"product","2":"type-product","3":"status-publish","4":"has-post-thumbnail","6":"product_cat-tuulettimet","8":"first","9":"instock","10":"taxable","11":"shipping-taxable","12":"purchasable","13":"product-type-simple"},"_links":{"self":[{"href":"https:\/\/www.ksttukku.fi\/cms\/wp-json\/wp\/v2\/product\/2755","targetHints":{"allow":["GET"]}}],"collection":[{"href":"https:\/\/www.ksttukku.fi\/cms\/wp-json\/wp\/v2\/product"}],"about":[{"href":"https:\/\/www.ksttukku.fi\/cms\/wp-json\/wp\/v2\/types\/product"}],"replies":[{"embeddable":true,"href":"https:\/\/www.ksttukku.fi\/cms\/wp-json\/wp\/v2\/comments?post=2755"}],"wp:featuredmedia":[{"embeddable":true,"href":"https:\/\/www.ksttukku.fi\/cms\/wp-json\/wp\/v2\/media\/2756"}],"wp:attachment":[{"href":"https:\/\/www.ksttukku.fi\/cms\/wp-json\/wp\/v2\/media?parent=2755"}],"wp:term":[{"taxonomy":"product_brand","embeddable":true,"href":"https:\/\/www.ksttukku.fi\/cms\/wp-json\/wp\/v2\/product_brand?post=2755"},{"taxonomy":"product_cat","embeddable":true,"href":"https:\/\/www.ksttukku.fi\/cms\/wp-json\/wp\/v2\/product_cat?post=2755"},{"taxonomy":"product_tag","embeddable":true,"href":"https:\/\/www.ksttukku.fi\/cms\/wp-json\/wp\/v2\/product_tag?post=2755"}],"curies":[{"name":"wp","href":"https:\/\/api.w.org\/{rel}","templated":true}]}}