{"id":2757,"date":"2020-06-26T17:26:12","date_gmt":"2020-06-26T14:26:12","guid":{"rendered":"http:\/\/www.ksttukku.fi\/cms\/?post_type=product&#038;p=2757"},"modified":"2020-06-26T17:26:12","modified_gmt":"2020-06-26T14:26:12","slug":"emax-lattiatuuletin-40cm","status":"publish","type":"product","link":"https:\/\/www.ksttukku.fi\/cms\/tuote\/emax-lattiatuuletin-40cm\/","title":{"rendered":"Emax lattiatuuletin 40cm"},"content":{"rendered":"<p>Emax -lattiatuuletin tuottaa mukavan ilmavirran kuumien kelien viilennystarpeisiin tai tilojen ilmanvaihdon tehostamiseen. Tuuletin on helposti siirrett\u00e4viss\u00e4 juuri sinne, miss\u00e4 tarvitset viilennyst\u00e4 eniten. Esimerkiksi kuumina kes\u00e4\u00f6in\u00e4 hiljainen ja s\u00e4\u00e4dett\u00e4v\u00e4 tuuletin makuuhuoneessa saa sinut nukkumaan y\u00f6si paremmin. Selke\u00e4t painikkeet kolmen eri puhallusnopeuden s\u00e4\u00e4t\u00e4miseksi sek\u00e4 sivuttaisliikemahdollisuus. Mitat: 600 x 600 x 1250 mm Paino: 2,4 kg Teho: 40W 230 V ~50Hz IPX0 3 nopeutta Materiaali: muovi Johdon pituus: 1,5 m CE\/ ROHS \/GS<\/p>\n","protected":false},"excerpt":{"rendered":"<p>Emax -lattiatuuletin tuottaa mukavan ilmavirran kuumien kelien viilennystarpeisiin tai tilojen ilmanvaihdon tehostamiseen. Tuuletin on helposti siirrett\u00e4viss\u00e4 juuri sinne, miss\u00e4 tarvitset viilennyst\u00e4 eniten. Esimerkiksi kuumina kes\u00e4\u00f6in\u00e4 hiljainen ja s\u00e4\u00e4dett\u00e4v\u00e4 tuuletin makuuhuoneessa saa sinut nukkumaan y\u00f6si paremmin. Selke\u00e4t painikkeet kolmen eri puhallusnopeuden &hellip;<\/p>\n<p class=\"read-more\"> <a class=\"more-link\" href=\"https:\/\/www.ksttukku.fi\/cms\/tuote\/emax-lattiatuuletin-40cm\/\"> <span class=\"screen-reader-text\">Emax lattiatuuletin 40cm<\/span> Lue lis\u00e4\u00e4 &raquo;<\/a><\/p>\n","protected":false},"featured_media":2758,"comment_status":"open","ping_status":"closed","template":"","meta":[],"product_brand":[],"product_cat":[98],"product_tag":[],"class_list":{"0":"post-2757","1":"product","2":"type-product","3":"status-publish","4":"has-post-thumbnail","6":"product_cat-tuulettimet","8":"first","9":"instock","10":"taxable","11":"shipping-taxable","12":"purchasable","13":"product-type-simple"},"_links":{"self":[{"href":"https:\/\/www.ksttukku.fi\/cms\/wp-json\/wp\/v2\/product\/2757","targetHints":{"allow":["GET"]}}],"collection":[{"href":"https:\/\/www.ksttukku.fi\/cms\/wp-json\/wp\/v2\/product"}],"about":[{"href":"https:\/\/www.ksttukku.fi\/cms\/wp-json\/wp\/v2\/types\/product"}],"replies":[{"embeddable":true,"href":"https:\/\/www.ksttukku.fi\/cms\/wp-json\/wp\/v2\/comments?post=2757"}],"wp:featuredmedia":[{"embeddable":true,"href":"https:\/\/www.ksttukku.fi\/cms\/wp-json\/wp\/v2\/media\/2758"}],"wp:attachment":[{"href":"https:\/\/www.ksttukku.fi\/cms\/wp-json\/wp\/v2\/media?parent=2757"}],"wp:term":[{"taxonomy":"product_brand","embeddable":true,"href":"https:\/\/www.ksttukku.fi\/cms\/wp-json\/wp\/v2\/product_brand?post=2757"},{"taxonomy":"product_cat","embeddable":true,"href":"https:\/\/www.ksttukku.fi\/cms\/wp-json\/wp\/v2\/product_cat?post=2757"},{"taxonomy":"product_tag","embeddable":true,"href":"https:\/\/www.ksttukku.fi\/cms\/wp-json\/wp\/v2\/product_tag?post=2757"}],"curies":[{"name":"wp","href":"https:\/\/api.w.org\/{rel}","templated":true}]}}