{"id":276,"date":"2016-08-12T16:36:22","date_gmt":"2016-08-12T13:36:22","guid":{"rendered":"http:\/\/www.ksttukku.fi\/cms\/?post_type=product&#038;p=276"},"modified":"2017-07-13T15:45:35","modified_gmt":"2017-07-13T12:45:35","slug":"ledputki-120cm-18w-1700lm","status":"publish","type":"product","link":"https:\/\/www.ksttukku.fi\/cms\/tuote\/ledputki-120cm-18w-1700lm\/","title":{"rendered":"Ledputki 120cm, 18W, 1800lm"},"content":{"rendered":"<p>Sis\u00e4lt\u00e4\u00e4 LED T8 lasiputken sek\u00e4 LED sytyttimen<\/p>\n<p>Lasiputkessa rikkoutumissuoja lasin sirpaloitumista vastaan<\/p>\n<p>Teho: 18 W<\/p>\n<p>Valovirta: 1800 lm<\/p>\n<p>Mitat: 1213 x 28 (mm)<\/p>\n<p>Valonjakokulma: 220\u00b0 x 120\u00b0<\/p>\n<p>V\u00e4ril\u00e4mp\u00f6tila: 4000 K<\/p>\n<p>K\u00e4ytt\u00f6aika: 25000 h<\/p>\n","protected":false},"excerpt":{"rendered":"<p>Myyntier\u00e4 25 kpl<\/p>\n","protected":false},"featured_media":275,"comment_status":"open","ping_status":"closed","template":"","meta":[],"product_brand":[],"product_cat":[20,21],"product_tag":[],"class_list":{"0":"post-276","1":"product","2":"type-product","3":"status-publish","4":"has-post-thumbnail","6":"product_cat-led-lamput","7":"product_cat-ledputket","9":"first","10":"instock","11":"taxable","12":"shipping-taxable","13":"purchasable","14":"product-type-simple"},"_links":{"self":[{"href":"https:\/\/www.ksttukku.fi\/cms\/wp-json\/wp\/v2\/product\/276","targetHints":{"allow":["GET"]}}],"collection":[{"href":"https:\/\/www.ksttukku.fi\/cms\/wp-json\/wp\/v2\/product"}],"about":[{"href":"https:\/\/www.ksttukku.fi\/cms\/wp-json\/wp\/v2\/types\/product"}],"replies":[{"embeddable":true,"href":"https:\/\/www.ksttukku.fi\/cms\/wp-json\/wp\/v2\/comments?post=276"}],"wp:featuredmedia":[{"embeddable":true,"href":"https:\/\/www.ksttukku.fi\/cms\/wp-json\/wp\/v2\/media\/275"}],"wp:attachment":[{"href":"https:\/\/www.ksttukku.fi\/cms\/wp-json\/wp\/v2\/media?parent=276"}],"wp:term":[{"taxonomy":"product_brand","embeddable":true,"href":"https:\/\/www.ksttukku.fi\/cms\/wp-json\/wp\/v2\/product_brand?post=276"},{"taxonomy":"product_cat","embeddable":true,"href":"https:\/\/www.ksttukku.fi\/cms\/wp-json\/wp\/v2\/product_cat?post=276"},{"taxonomy":"product_tag","embeddable":true,"href":"https:\/\/www.ksttukku.fi\/cms\/wp-json\/wp\/v2\/product_tag?post=276"}],"curies":[{"name":"wp","href":"https:\/\/api.w.org\/{rel}","templated":true}]}}