{"id":2771,"date":"2020-06-29T15:31:54","date_gmt":"2020-06-29T12:31:54","guid":{"rendered":"http:\/\/www.ksttukku.fi\/cms\/?post_type=product&#038;p=2771"},"modified":"2022-04-14T16:13:37","modified_gmt":"2022-04-14T13:13:37","slug":"lisalamppu-terassi-porrasvalosarjaan-ip65-04w","status":"publish","type":"product","link":"https:\/\/www.ksttukku.fi\/cms\/tuote\/lisalamppu-terassi-porrasvalosarjaan-ip65-04w\/","title":{"rendered":"Lis\u00e4lamppu terassi-\/ porrasvalosarjaan IP65 0,4W"},"content":{"rendered":"<p>Lis\u00e4valo terassi-\/ porrasvalosarjaan. Valaisimen kehys on ruostumatonta ter\u00e4st\u00e4, runko muovia.<\/p>\n<p>Kaapeli: 2 x 0,70 m, 2 x 0,3 mm2<\/p>\n<p>Valaisimen mitat: Halkaisija: 45 mm, korkeus: 40 mm<\/p>\n<p>Valaisimen upotusaukon halkaisija: 40 mm<\/p>\n<p>J\u00e4nnite: 12V DC<\/p>\n<p>Teho: 0,4 W<\/p>\n<p>Valovirta: 25 lm<\/p>\n<p>V\u00e4ril\u00e4mp\u00f6tila: 3000 K<\/p>\n","protected":false},"excerpt":{"rendered":"<p>Lis\u00e4valo terassi-\/ porrasvalosarjaan. Valaisimen kehys on ruostumatonta ter\u00e4st\u00e4, runko muovia. Kaapeli: 2 x 0,70 m, 2 x 0,3 mm2 Valaisimen mitat: Halkaisija: 45 mm, korkeus: 40 mm Valaisimen upotusaukon halkaisija: 40 mm J\u00e4nnite: 12V DC Teho: 0,4 W Valovirta: 25 &hellip;<\/p>\n<p class=\"read-more\"> <a class=\"more-link\" href=\"https:\/\/www.ksttukku.fi\/cms\/tuote\/lisalamppu-terassi-porrasvalosarjaan-ip65-04w\/\"> <span class=\"screen-reader-text\">Lis\u00e4lamppu terassi-\/ porrasvalosarjaan IP65 0,4W<\/span> Lue lis\u00e4\u00e4 &raquo;<\/a><\/p>\n","protected":false},"featured_media":2772,"comment_status":"open","ping_status":"closed","template":"","meta":[],"product_brand":[],"product_cat":[6],"product_tag":[],"class_list":{"0":"post-2771","1":"product","2":"type-product","3":"status-publish","4":"has-post-thumbnail","6":"product_cat-ulkovalaisimet","8":"first","9":"instock","10":"taxable","11":"shipping-taxable","12":"purchasable","13":"product-type-simple"},"_links":{"self":[{"href":"https:\/\/www.ksttukku.fi\/cms\/wp-json\/wp\/v2\/product\/2771","targetHints":{"allow":["GET"]}}],"collection":[{"href":"https:\/\/www.ksttukku.fi\/cms\/wp-json\/wp\/v2\/product"}],"about":[{"href":"https:\/\/www.ksttukku.fi\/cms\/wp-json\/wp\/v2\/types\/product"}],"replies":[{"embeddable":true,"href":"https:\/\/www.ksttukku.fi\/cms\/wp-json\/wp\/v2\/comments?post=2771"}],"wp:featuredmedia":[{"embeddable":true,"href":"https:\/\/www.ksttukku.fi\/cms\/wp-json\/wp\/v2\/media\/2772"}],"wp:attachment":[{"href":"https:\/\/www.ksttukku.fi\/cms\/wp-json\/wp\/v2\/media?parent=2771"}],"wp:term":[{"taxonomy":"product_brand","embeddable":true,"href":"https:\/\/www.ksttukku.fi\/cms\/wp-json\/wp\/v2\/product_brand?post=2771"},{"taxonomy":"product_cat","embeddable":true,"href":"https:\/\/www.ksttukku.fi\/cms\/wp-json\/wp\/v2\/product_cat?post=2771"},{"taxonomy":"product_tag","embeddable":true,"href":"https:\/\/www.ksttukku.fi\/cms\/wp-json\/wp\/v2\/product_tag?post=2771"}],"curies":[{"name":"wp","href":"https:\/\/api.w.org\/{rel}","templated":true}]}}