{"id":2773,"date":"2020-07-02T17:33:57","date_gmt":"2020-07-02T14:33:57","guid":{"rendered":"http:\/\/www.ksttukku.fi\/cms\/?post_type=product&#038;p=2773"},"modified":"2022-04-14T16:15:21","modified_gmt":"2022-04-14T13:15:21","slug":"terassi-porrasvalosarja-4-os-mattakromi","status":"publish","type":"product","link":"https:\/\/www.ksttukku.fi\/cms\/tuote\/terassi-porrasvalosarja-4-os-mattakromi\/","title":{"rendered":"Terassi-\/ porrasvalosarja 4-os mattakromi"},"content":{"rendered":"<p>4-osainen terassi-\/ porrasvalosarja. Lamput valaisevat nelj\u00e4\u00e4n suuntaan. Settiin kuuluu nelj\u00e4 valoa 1m asennusjohdolla,12W liit\u00e4nt\u00e4laite, 3m virtajohto, kaksi jatkokaapelia 1m ja 1kpl tulppa. Alumiini.<\/p>\n<p>J\u00e4nnite: 12V DC<\/p>\n<p>Teho: 1W<\/p>\n<p>Valovirta: 4 x 9 lm<\/p>\n<p>V\u00e4ril\u00e4mp\u00f6tila: 3000 K<\/p>\n<p>IP-luokka: valaisimet IP65, adapteri IP44<\/p>\n<p>Valaisimen koko: \u2205 35 mm, korkeus 21 mm<\/p>\n<p>Takuu: 3 vuotta<\/p>\n","protected":false},"excerpt":{"rendered":"<p>4-osainen terassi-\/ porrasvalosarja. Lamput valaisevat nelj\u00e4\u00e4n suuntaan. Settiin kuuluu nelj\u00e4 valoa 1m asennusjohdolla,12W liit\u00e4nt\u00e4laite, 3m virtajohto, kaksi jatkokaapelia 1m ja 1kpl tulppa. Alumiini. J\u00e4nnite: 12V DC Teho: 1W Valovirta: 4 x 9 lm V\u00e4ril\u00e4mp\u00f6tila: 3000 K IP-luokka: valaisimet IP65, adapteri &hellip;<\/p>\n<p class=\"read-more\"> <a class=\"more-link\" href=\"https:\/\/www.ksttukku.fi\/cms\/tuote\/terassi-porrasvalosarja-4-os-mattakromi\/\"> <span class=\"screen-reader-text\">Terassi-\/ porrasvalosarja 4-os mattakromi<\/span> Lue lis\u00e4\u00e4 &raquo;<\/a><\/p>\n","protected":false},"featured_media":2774,"comment_status":"open","ping_status":"closed","template":"","meta":[],"product_brand":[],"product_cat":[6],"product_tag":[],"class_list":{"0":"post-2773","1":"product","2":"type-product","3":"status-publish","4":"has-post-thumbnail","6":"product_cat-ulkovalaisimet","8":"first","9":"instock","10":"taxable","11":"shipping-taxable","12":"purchasable","13":"product-type-simple"},"_links":{"self":[{"href":"https:\/\/www.ksttukku.fi\/cms\/wp-json\/wp\/v2\/product\/2773","targetHints":{"allow":["GET"]}}],"collection":[{"href":"https:\/\/www.ksttukku.fi\/cms\/wp-json\/wp\/v2\/product"}],"about":[{"href":"https:\/\/www.ksttukku.fi\/cms\/wp-json\/wp\/v2\/types\/product"}],"replies":[{"embeddable":true,"href":"https:\/\/www.ksttukku.fi\/cms\/wp-json\/wp\/v2\/comments?post=2773"}],"wp:featuredmedia":[{"embeddable":true,"href":"https:\/\/www.ksttukku.fi\/cms\/wp-json\/wp\/v2\/media\/2774"}],"wp:attachment":[{"href":"https:\/\/www.ksttukku.fi\/cms\/wp-json\/wp\/v2\/media?parent=2773"}],"wp:term":[{"taxonomy":"product_brand","embeddable":true,"href":"https:\/\/www.ksttukku.fi\/cms\/wp-json\/wp\/v2\/product_brand?post=2773"},{"taxonomy":"product_cat","embeddable":true,"href":"https:\/\/www.ksttukku.fi\/cms\/wp-json\/wp\/v2\/product_cat?post=2773"},{"taxonomy":"product_tag","embeddable":true,"href":"https:\/\/www.ksttukku.fi\/cms\/wp-json\/wp\/v2\/product_tag?post=2773"}],"curies":[{"name":"wp","href":"https:\/\/api.w.org\/{rel}","templated":true}]}}