{"id":2786,"date":"2020-07-17T13:57:46","date_gmt":"2020-07-17T10:57:46","guid":{"rendered":"http:\/\/www.ksttukku.fi\/cms\/?post_type=product&#038;p=2786"},"modified":"2020-07-17T13:57:46","modified_gmt":"2020-07-17T10:57:46","slug":"rgb-led-valonauhasarja-5m-24w","status":"publish","type":"product","link":"https:\/\/www.ksttukku.fi\/cms\/tuote\/rgb-led-valonauhasarja-5m-24w\/","title":{"rendered":"RGB led-valonauhasarja 5m 24W"},"content":{"rendered":"<p>LED-valonauha monipuoliseen kodin sisustamiseen. Sis\u00e4lt\u00e4\u00e4 5 metri\u00e4 valonauhaa, joka on mahdollista lyhent\u00e4\u00e4 saksilla. Kiinnitys tapahtuu nauhassa olevan 3M tarranauhan avulla. Helppo asentaa pienehk\u00f6\u00f6n tilaan. Pakkauksen mukana tulevalla kauko-ohjaimella voi vaihdella eri v\u00e4ris\u00e4vyj\u00e4 ja himment\u00e4\u00e4 valoa. Sis\u00e4lt\u00e4\u00e4 muuntajan ja kaukos\u00e4\u00e4timen.<\/p>\n<p>Teho: 24 W<\/p>\n","protected":false},"excerpt":{"rendered":"<p>LED-valonauha monipuoliseen kodin sisustamiseen. Sis\u00e4lt\u00e4\u00e4 5 metri\u00e4 valonauhaa, joka on mahdollista lyhent\u00e4\u00e4 saksilla. Kiinnitys tapahtuu nauhassa olevan 3M tarranauhan avulla. Helppo asentaa pienehk\u00f6\u00f6n tilaan. Pakkauksen mukana tulevalla kauko-ohjaimella voi vaihdella eri v\u00e4ris\u00e4vyj\u00e4 ja himment\u00e4\u00e4 valoa. Sis\u00e4lt\u00e4\u00e4 muuntajan ja kaukos\u00e4\u00e4timen. Teho: &hellip;<\/p>\n<p class=\"read-more\"> <a class=\"more-link\" href=\"https:\/\/www.ksttukku.fi\/cms\/tuote\/rgb-led-valonauhasarja-5m-24w\/\"> <span class=\"screen-reader-text\">RGB led-valonauhasarja 5m 24W<\/span> Lue lis\u00e4\u00e4 &raquo;<\/a><\/p>\n","protected":false},"featured_media":2787,"comment_status":"open","ping_status":"closed","template":"","meta":[],"product_brand":[],"product_cat":[80],"product_tag":[],"class_list":{"0":"post-2786","1":"product","2":"type-product","3":"status-publish","4":"has-post-thumbnail","6":"product_cat-led-valonauhasarjat","8":"first","9":"instock","10":"taxable","11":"shipping-taxable","12":"purchasable","13":"product-type-simple"},"_links":{"self":[{"href":"https:\/\/www.ksttukku.fi\/cms\/wp-json\/wp\/v2\/product\/2786","targetHints":{"allow":["GET"]}}],"collection":[{"href":"https:\/\/www.ksttukku.fi\/cms\/wp-json\/wp\/v2\/product"}],"about":[{"href":"https:\/\/www.ksttukku.fi\/cms\/wp-json\/wp\/v2\/types\/product"}],"replies":[{"embeddable":true,"href":"https:\/\/www.ksttukku.fi\/cms\/wp-json\/wp\/v2\/comments?post=2786"}],"wp:featuredmedia":[{"embeddable":true,"href":"https:\/\/www.ksttukku.fi\/cms\/wp-json\/wp\/v2\/media\/2787"}],"wp:attachment":[{"href":"https:\/\/www.ksttukku.fi\/cms\/wp-json\/wp\/v2\/media?parent=2786"}],"wp:term":[{"taxonomy":"product_brand","embeddable":true,"href":"https:\/\/www.ksttukku.fi\/cms\/wp-json\/wp\/v2\/product_brand?post=2786"},{"taxonomy":"product_cat","embeddable":true,"href":"https:\/\/www.ksttukku.fi\/cms\/wp-json\/wp\/v2\/product_cat?post=2786"},{"taxonomy":"product_tag","embeddable":true,"href":"https:\/\/www.ksttukku.fi\/cms\/wp-json\/wp\/v2\/product_tag?post=2786"}],"curies":[{"name":"wp","href":"https:\/\/api.w.org\/{rel}","templated":true}]}}