{"id":2802,"date":"2020-07-20T16:44:55","date_gmt":"2020-07-20T13:44:55","guid":{"rendered":"http:\/\/www.ksttukku.fi\/cms\/?post_type=product&#038;p=2802"},"modified":"2020-07-20T16:44:56","modified_gmt":"2020-07-20T13:44:56","slug":"ladattava-taskulamppu-20w-2000lm","status":"publish","type":"product","link":"https:\/\/www.ksttukku.fi\/cms\/tuote\/ladattava-taskulamppu-20w-2000lm\/","title":{"rendered":"Ladattava taskulamppu 20W 2000lm"},"content":{"rendered":"<p>Superkirkas alumiinista valmistettu ladattava LED-taskulamppu kolmella toiminnolla yleisk\u00e4ytt\u00f6\u00f6n. Lamppu sopii esimerkiksi pime\u00e4ll\u00e4 ulkoiluun sek\u00e4 retkeilyyn. Kokonsa puolesta lamppu mahtuu hyvin s\u00e4ilytett\u00e4v\u00e4ksi esimerkiksi repussa. Lampun valon kantomatka on 500 metri\u00e4 ja toiminta-aika kolme tuntia. Lataus Micro-USB:ll\u00e4.<\/p>\n<p>Materiaali: Alumiini<\/p>\n<p>LED: Cree XHP 50<\/p>\n<p>Akku: 2 x 18650 (2 x 2000mAh) 7,4V<\/p>\n<p>Toiminnot: 100% valo -&gt; 30% valo -&gt; OFF<\/p>\n<p>Tarkennus s\u00e4\u00e4d\u00f6ll\u00e4 (Focus)<\/p>\n<p>Valoteho: 680 lm &#8211; 2000 lm<\/p>\n<p>Kantomatka: 500 m<\/p>\n<p>Latausaika: 5 h<\/p>\n<p>Toiminta-aika: 3 h (100% valo 2000 lm)<\/p>\n<p>Mitat: 45 x 31 x 271 mm<\/p>\n<p>USB-johto 50 cm<\/p>\n<p>&nbsp;<\/p>\n","protected":false},"excerpt":{"rendered":"<p>Superkirkas alumiinista valmistettu ladattava LED-taskulamppu kolmella toiminnolla<\/p>\n","protected":false},"featured_media":2803,"comment_status":"open","ping_status":"closed","template":"","meta":[],"product_brand":[],"product_cat":[108,90],"product_tag":[],"class_list":{"0":"post-2802","1":"product","2":"type-product","3":"status-publish","4":"has-post-thumbnail","6":"product_cat-taskulamput","7":"product_cat-taskulamput-ja-otsavalot","9":"first","10":"instock","11":"taxable","12":"shipping-taxable","13":"purchasable","14":"product-type-simple"},"_links":{"self":[{"href":"https:\/\/www.ksttukku.fi\/cms\/wp-json\/wp\/v2\/product\/2802","targetHints":{"allow":["GET"]}}],"collection":[{"href":"https:\/\/www.ksttukku.fi\/cms\/wp-json\/wp\/v2\/product"}],"about":[{"href":"https:\/\/www.ksttukku.fi\/cms\/wp-json\/wp\/v2\/types\/product"}],"replies":[{"embeddable":true,"href":"https:\/\/www.ksttukku.fi\/cms\/wp-json\/wp\/v2\/comments?post=2802"}],"wp:featuredmedia":[{"embeddable":true,"href":"https:\/\/www.ksttukku.fi\/cms\/wp-json\/wp\/v2\/media\/2803"}],"wp:attachment":[{"href":"https:\/\/www.ksttukku.fi\/cms\/wp-json\/wp\/v2\/media?parent=2802"}],"wp:term":[{"taxonomy":"product_brand","embeddable":true,"href":"https:\/\/www.ksttukku.fi\/cms\/wp-json\/wp\/v2\/product_brand?post=2802"},{"taxonomy":"product_cat","embeddable":true,"href":"https:\/\/www.ksttukku.fi\/cms\/wp-json\/wp\/v2\/product_cat?post=2802"},{"taxonomy":"product_tag","embeddable":true,"href":"https:\/\/www.ksttukku.fi\/cms\/wp-json\/wp\/v2\/product_tag?post=2802"}],"curies":[{"name":"wp","href":"https:\/\/api.w.org\/{rel}","templated":true}]}}