{"id":2824,"date":"2020-07-27T17:20:52","date_gmt":"2020-07-27T14:20:52","guid":{"rendered":"http:\/\/www.ksttukku.fi\/cms\/?post_type=product&#038;p=2824"},"modified":"2020-07-27T17:20:53","modified_gmt":"2020-07-27T14:20:53","slug":"era-otsavalo-430lm","status":"publish","type":"product","link":"https:\/\/www.ksttukku.fi\/cms\/tuote\/era-otsavalo-430lm\/","title":{"rendered":"Er\u00e4 otsavalo 430lm"},"content":{"rendered":"<p>Paristok\u00e4ytt\u00f6inen LED-otsavalo, takana punainen varoitusvalo. Monta toimintoa. Mitat: 60 x 55 x 45 mm. Toimii 3 x AAA-paristoilla (ei sis\u00e4lly).<\/p>\n","protected":false},"excerpt":{"rendered":"<p>Paristok\u00e4ytt\u00f6inen LED-otsavalo, takana punainen varoitusvalo. Monta toimintoa. Mitat: 60 x 55 x 45 mm. Toimii 3 x AAA-paristoilla (ei sis\u00e4lly).<\/p>\n","protected":false},"featured_media":2825,"comment_status":"open","ping_status":"closed","template":"","meta":[],"product_brand":[],"product_cat":[109,90],"product_tag":[],"class_list":{"0":"post-2824","1":"product","2":"type-product","3":"status-publish","4":"has-post-thumbnail","6":"product_cat-otsavalot","7":"product_cat-taskulamput-ja-otsavalot","9":"first","10":"instock","11":"taxable","12":"shipping-taxable","13":"purchasable","14":"product-type-simple"},"_links":{"self":[{"href":"https:\/\/www.ksttukku.fi\/cms\/wp-json\/wp\/v2\/product\/2824","targetHints":{"allow":["GET"]}}],"collection":[{"href":"https:\/\/www.ksttukku.fi\/cms\/wp-json\/wp\/v2\/product"}],"about":[{"href":"https:\/\/www.ksttukku.fi\/cms\/wp-json\/wp\/v2\/types\/product"}],"replies":[{"embeddable":true,"href":"https:\/\/www.ksttukku.fi\/cms\/wp-json\/wp\/v2\/comments?post=2824"}],"wp:featuredmedia":[{"embeddable":true,"href":"https:\/\/www.ksttukku.fi\/cms\/wp-json\/wp\/v2\/media\/2825"}],"wp:attachment":[{"href":"https:\/\/www.ksttukku.fi\/cms\/wp-json\/wp\/v2\/media?parent=2824"}],"wp:term":[{"taxonomy":"product_brand","embeddable":true,"href":"https:\/\/www.ksttukku.fi\/cms\/wp-json\/wp\/v2\/product_brand?post=2824"},{"taxonomy":"product_cat","embeddable":true,"href":"https:\/\/www.ksttukku.fi\/cms\/wp-json\/wp\/v2\/product_cat?post=2824"},{"taxonomy":"product_tag","embeddable":true,"href":"https:\/\/www.ksttukku.fi\/cms\/wp-json\/wp\/v2\/product_tag?post=2824"}],"curies":[{"name":"wp","href":"https:\/\/api.w.org\/{rel}","templated":true}]}}