{"id":2883,"date":"2021-01-02T13:32:09","date_gmt":"2021-01-02T11:32:09","guid":{"rendered":"http:\/\/www.ksttukku.fi\/cms\/?post_type=product&#038;p=2883"},"modified":"2022-04-08T17:33:51","modified_gmt":"2022-04-08T14:33:51","slug":"tyopistevalaisin-handy-8w-ip21-3000-4000k","status":"publish","type":"product","link":"https:\/\/www.ksttukku.fi\/cms\/tuote\/tyopistevalaisin-handy-8w-ip21-3000-4000k\/","title":{"rendered":"Ty\u00f6pistevalaisin Handy 8W IP21 3000\/4000K"},"content":{"rendered":"<p>Suosittu Handy ty\u00f6pistevalaisin on suunniteltu keitti\u00f6n v\u00e4litilojen ja kodinhoitohuoneen ty\u00f6tasojen yleisvalaistukseen. Ennen<br \/>\nasennusta valaisimen v\u00e4ril\u00e4mp\u00f6tilaksi valitaan 3000K tai 4000K. Handy-valaisimia on nelj\u00e4 pituutta ja tehoa. Voit pinta-asentaa Handyn suoraan tai 45\u00b0 kulmaan. Sarjaan kuuluu my\u00f6s valaisimet, joissa kaksiosainen maadoitettu pistorasia ja on\/off-kytkin, jolla voit ohjata niit\u00e4 valaisinkohtaisesti.<\/p>\n<p>Teho: 8 W<\/p>\n<p>Valovirta: 800 lm<\/p>\n<p>Valaisimen mitat: 550 x 44 x 74 mm<\/p>\n<p>IP-luokitus: IP21<\/p>\n<p>V\u00e4ril\u00e4mp\u00f6tila: 3000K \/ 4000K<\/p>\n<p>V\u00e4ri: valkoinen<\/p>\n<p>Materiaali: Runko alumiinia, kupu polykarbonaattia<\/p>\n","protected":false},"excerpt":{"rendered":"<p>Suosittu Handy ty\u00f6pistevalaisin on suunniteltu keitti\u00f6n v\u00e4litilojen ja kodinhoitohuoneen ty\u00f6tasojen yleisvalaistukseen. Ennen asennusta valaisimen v\u00e4ril\u00e4mp\u00f6tilaksi valitaan 3000K tai 4000K. Handy-valaisimia on nelj\u00e4 pituutta ja tehoa. Voit pinta-asentaa Handyn suoraan tai 45\u00b0 kulmaan. Sarjaan kuuluu my\u00f6s valaisimet, joissa kaksiosainen maadoitettu pistorasia &hellip;<\/p>\n<p class=\"read-more\"> <a class=\"more-link\" href=\"https:\/\/www.ksttukku.fi\/cms\/tuote\/tyopistevalaisin-handy-8w-ip21-3000-4000k\/\"> <span class=\"screen-reader-text\">Ty\u00f6pistevalaisin Handy 8W IP21 3000\/4000K<\/span> Lue lis\u00e4\u00e4 &raquo;<\/a><\/p>\n","protected":false},"featured_media":2884,"comment_status":"open","ping_status":"closed","template":"","meta":[],"product_brand":[],"product_cat":[26],"product_tag":[],"class_list":{"0":"post-2883","1":"product","2":"type-product","3":"status-publish","4":"has-post-thumbnail","6":"product_cat-tyopistevalaisimet","8":"first","9":"instock","10":"taxable","11":"shipping-taxable","12":"purchasable","13":"product-type-simple"},"_links":{"self":[{"href":"https:\/\/www.ksttukku.fi\/cms\/wp-json\/wp\/v2\/product\/2883","targetHints":{"allow":["GET"]}}],"collection":[{"href":"https:\/\/www.ksttukku.fi\/cms\/wp-json\/wp\/v2\/product"}],"about":[{"href":"https:\/\/www.ksttukku.fi\/cms\/wp-json\/wp\/v2\/types\/product"}],"replies":[{"embeddable":true,"href":"https:\/\/www.ksttukku.fi\/cms\/wp-json\/wp\/v2\/comments?post=2883"}],"wp:featuredmedia":[{"embeddable":true,"href":"https:\/\/www.ksttukku.fi\/cms\/wp-json\/wp\/v2\/media\/2884"}],"wp:attachment":[{"href":"https:\/\/www.ksttukku.fi\/cms\/wp-json\/wp\/v2\/media?parent=2883"}],"wp:term":[{"taxonomy":"product_brand","embeddable":true,"href":"https:\/\/www.ksttukku.fi\/cms\/wp-json\/wp\/v2\/product_brand?post=2883"},{"taxonomy":"product_cat","embeddable":true,"href":"https:\/\/www.ksttukku.fi\/cms\/wp-json\/wp\/v2\/product_cat?post=2883"},{"taxonomy":"product_tag","embeddable":true,"href":"https:\/\/www.ksttukku.fi\/cms\/wp-json\/wp\/v2\/product_tag?post=2883"}],"curies":[{"name":"wp","href":"https:\/\/api.w.org\/{rel}","templated":true}]}}