{"id":2890,"date":"2021-01-13T17:27:38","date_gmt":"2021-01-13T15:27:38","guid":{"rendered":"http:\/\/www.ksttukku.fi\/cms\/?post_type=product&#038;p=2890"},"modified":"2022-04-08T16:13:28","modified_gmt":"2022-04-08T13:13:28","slug":"kauko-ohjattava-kattovalaisin-50cm-36w-2500lm","status":"publish","type":"product","link":"https:\/\/www.ksttukku.fi\/cms\/tuote\/kauko-ohjattava-kattovalaisin-50cm-36w-2500lm\/","title":{"rendered":"Kauko-ohjattava kattovalaisin 50cm, 36W, 2500lm"},"content":{"rendered":"<p>Kaukos\u00e4\u00e4din ohjattava kattovalaisin t\u00e4htikuviolla<\/p>\n<p>Teho: 36W<\/p>\n<p>Valovirta: 2500 lm<\/p>\n<p>Ra&gt;80<\/p>\n<p>V\u00e4ril\u00e4mp\u00f6tila vaihdettavissa 3000 K &#8211; 6500 K<\/p>\n<p>Mitat: \u00d8 500 mm, korkeus 80 mm<\/p>\n<p>Kaukos\u00e4\u00e4timen toiminnot: -ON\/OFF -V\u00e4ril\u00e4mp\u00f6tilan s\u00e4\u00e4t\u00f6 -Himmennys -Y\u00f6valo-toiminto<\/p>\n","protected":false},"excerpt":{"rendered":"<p>Kaukos\u00e4\u00e4din ohjattava kattovalaisin t\u00e4htikuviolla Teho: 36W Valovirta: 2500 lm Ra&gt;80 V\u00e4ril\u00e4mp\u00f6tila vaihdettavissa 3000 K &#8211; 6500 K Mitat: \u00d8 500 mm, korkeus 80 mm Kaukos\u00e4\u00e4timen toiminnot: -ON\/OFF -V\u00e4ril\u00e4mp\u00f6tilan s\u00e4\u00e4t\u00f6 -Himmennys -Y\u00f6valo-toiminto<\/p>\n","protected":false},"featured_media":2892,"comment_status":"open","ping_status":"closed","template":"","meta":[],"product_brand":[],"product_cat":[15],"product_tag":[],"class_list":{"0":"post-2890","1":"product","2":"type-product","3":"status-publish","4":"has-post-thumbnail","6":"product_cat-led-valaisimet","8":"first","9":"instock","10":"taxable","11":"shipping-taxable","12":"purchasable","13":"product-type-simple"},"_links":{"self":[{"href":"https:\/\/www.ksttukku.fi\/cms\/wp-json\/wp\/v2\/product\/2890","targetHints":{"allow":["GET"]}}],"collection":[{"href":"https:\/\/www.ksttukku.fi\/cms\/wp-json\/wp\/v2\/product"}],"about":[{"href":"https:\/\/www.ksttukku.fi\/cms\/wp-json\/wp\/v2\/types\/product"}],"replies":[{"embeddable":true,"href":"https:\/\/www.ksttukku.fi\/cms\/wp-json\/wp\/v2\/comments?post=2890"}],"wp:featuredmedia":[{"embeddable":true,"href":"https:\/\/www.ksttukku.fi\/cms\/wp-json\/wp\/v2\/media\/2892"}],"wp:attachment":[{"href":"https:\/\/www.ksttukku.fi\/cms\/wp-json\/wp\/v2\/media?parent=2890"}],"wp:term":[{"taxonomy":"product_brand","embeddable":true,"href":"https:\/\/www.ksttukku.fi\/cms\/wp-json\/wp\/v2\/product_brand?post=2890"},{"taxonomy":"product_cat","embeddable":true,"href":"https:\/\/www.ksttukku.fi\/cms\/wp-json\/wp\/v2\/product_cat?post=2890"},{"taxonomy":"product_tag","embeddable":true,"href":"https:\/\/www.ksttukku.fi\/cms\/wp-json\/wp\/v2\/product_tag?post=2890"}],"curies":[{"name":"wp","href":"https:\/\/api.w.org\/{rel}","templated":true}]}}