{"id":2902,"date":"2021-01-14T17:19:38","date_gmt":"2021-01-14T15:19:38","guid":{"rendered":"http:\/\/www.ksttukku.fi\/cms\/?post_type=product&#038;p=2902"},"modified":"2021-01-14T17:19:41","modified_gmt":"2021-01-14T15:19:41","slug":"kauko-ohjattava-paneelivalaisin-30cm-20w-2000lm","status":"publish","type":"product","link":"https:\/\/www.ksttukku.fi\/cms\/tuote\/kauko-ohjattava-paneelivalaisin-30cm-20w-2000lm\/","title":{"rendered":"Kauko-ohjattava paneelivalaisin 30cm, 20W, 2000lm"},"content":{"rendered":"<p>Paneelivalaisin \u00d8 300 mm, kaukos\u00e4\u00e4dinohjattava. Helposti asennettavissa esimerkiksi rasian p\u00e4\u00e4lle.<\/p>\n<p>Valovirta: 2000 lm<\/p>\n<p>Teho: 20 W 100 lm\/W<\/p>\n<p>V\u00e4ril\u00e4mp\u00f6tila: 3000K &#8211; 6500K<\/p>\n<p>Ra&gt;80,<\/p>\n<p>Kaukos\u00e4\u00e4timen toiminnot: -ON\/OFF -Y\u00f6valo -Aika-asetus: 30 sek sammutus \/ 5 min sammutus -Himment\u00e4minen ja v\u00e4ril\u00e4mp\u00f6tilan s\u00e4\u00e4t\u00f6<\/p>\n","protected":false},"excerpt":{"rendered":"<p>Paneelivalaisin \u00d8 300 mm, kaukos\u00e4\u00e4dinohjattava. Helposti asennettavissa esimerkiksi rasian p\u00e4\u00e4lle. Valovirta: 2000 lm Teho: 20 W 100 lm\/W V\u00e4ril\u00e4mp\u00f6tila: 3000K &#8211; 6500K Ra&gt;80, Kaukos\u00e4\u00e4timen toiminnot: -ON\/OFF -Y\u00f6valo -Aika-asetus: 30 sek sammutus \/ 5 min sammutus -Himment\u00e4minen ja v\u00e4ril\u00e4mp\u00f6tilan s\u00e4\u00e4t\u00f6<\/p>\n","protected":false},"featured_media":2903,"comment_status":"open","ping_status":"closed","template":"","meta":[],"product_brand":[],"product_cat":[15],"product_tag":[],"class_list":{"0":"post-2902","1":"product","2":"type-product","3":"status-publish","4":"has-post-thumbnail","6":"product_cat-led-valaisimet","8":"first","9":"instock","10":"taxable","11":"shipping-taxable","12":"purchasable","13":"product-type-simple"},"_links":{"self":[{"href":"https:\/\/www.ksttukku.fi\/cms\/wp-json\/wp\/v2\/product\/2902","targetHints":{"allow":["GET"]}}],"collection":[{"href":"https:\/\/www.ksttukku.fi\/cms\/wp-json\/wp\/v2\/product"}],"about":[{"href":"https:\/\/www.ksttukku.fi\/cms\/wp-json\/wp\/v2\/types\/product"}],"replies":[{"embeddable":true,"href":"https:\/\/www.ksttukku.fi\/cms\/wp-json\/wp\/v2\/comments?post=2902"}],"wp:featuredmedia":[{"embeddable":true,"href":"https:\/\/www.ksttukku.fi\/cms\/wp-json\/wp\/v2\/media\/2903"}],"wp:attachment":[{"href":"https:\/\/www.ksttukku.fi\/cms\/wp-json\/wp\/v2\/media?parent=2902"}],"wp:term":[{"taxonomy":"product_brand","embeddable":true,"href":"https:\/\/www.ksttukku.fi\/cms\/wp-json\/wp\/v2\/product_brand?post=2902"},{"taxonomy":"product_cat","embeddable":true,"href":"https:\/\/www.ksttukku.fi\/cms\/wp-json\/wp\/v2\/product_cat?post=2902"},{"taxonomy":"product_tag","embeddable":true,"href":"https:\/\/www.ksttukku.fi\/cms\/wp-json\/wp\/v2\/product_tag?post=2902"}],"curies":[{"name":"wp","href":"https:\/\/api.w.org\/{rel}","templated":true}]}}