{"id":3025,"date":"2022-08-24T15:37:20","date_gmt":"2022-08-24T12:37:20","guid":{"rendered":"http:\/\/www.ksttukku.fi\/cms\/?post_type=product&#038;p=3025"},"modified":"2022-08-24T18:09:47","modified_gmt":"2022-08-24T15:09:47","slug":"led-energie-seinavalaisin-wien-ip44-musta","status":"publish","type":"product","link":"https:\/\/www.ksttukku.fi\/cms\/tuote\/led-energie-seinavalaisin-wien-ip44-musta\/","title":{"rendered":"Sein\u00e4valaisin Wien IP44 musta"},"content":{"rendered":"<p>Tyylik\u00e4s yhteen suuntaan valaiseva sein\u00e4valo sis\u00e4- ja ulkok\u00e4ytt\u00f6\u00f6n.<\/p>\n<p>Valonl\u00e4hde: GU10 Max. 28 W (ei sis.)<\/p>\n<p>J\u00e4nnite: 230V \/ 50 Hz<\/p>\n<p>IP-luokka: IP44<\/p>\n<p>Materiaali: kirkas PC, alumiini<\/p>\n<p>Mitat: P150 x L110 x K175 mm<\/p>\n<p>V\u00e4ri: musta<\/p>\n<p>CE<\/p>\n","protected":false},"excerpt":{"rendered":"<p>Tyylik\u00e4s yhteen suuntaan valaiseva sein\u00e4valo sis\u00e4- ja ulkok\u00e4ytt\u00f6\u00f6n. Valonl\u00e4hde: GU10 Max. 28 W (ei sis.) J\u00e4nnite: 230V \/ 50 Hz IP-luokka: IP44 Materiaali: kirkas PC, alumiini Mitat: P150 x L110 x K175 mm V\u00e4ri: musta CE<\/p>\n","protected":false},"featured_media":3026,"comment_status":"open","ping_status":"closed","template":"","meta":[],"product_brand":[],"product_cat":[6],"product_tag":[],"class_list":{"0":"post-3025","1":"product","2":"type-product","3":"status-publish","4":"has-post-thumbnail","6":"product_cat-ulkovalaisimet","8":"first","9":"instock","10":"taxable","11":"shipping-taxable","12":"purchasable","13":"product-type-simple"},"_links":{"self":[{"href":"https:\/\/www.ksttukku.fi\/cms\/wp-json\/wp\/v2\/product\/3025","targetHints":{"allow":["GET"]}}],"collection":[{"href":"https:\/\/www.ksttukku.fi\/cms\/wp-json\/wp\/v2\/product"}],"about":[{"href":"https:\/\/www.ksttukku.fi\/cms\/wp-json\/wp\/v2\/types\/product"}],"replies":[{"embeddable":true,"href":"https:\/\/www.ksttukku.fi\/cms\/wp-json\/wp\/v2\/comments?post=3025"}],"wp:featuredmedia":[{"embeddable":true,"href":"https:\/\/www.ksttukku.fi\/cms\/wp-json\/wp\/v2\/media\/3026"}],"wp:attachment":[{"href":"https:\/\/www.ksttukku.fi\/cms\/wp-json\/wp\/v2\/media?parent=3025"}],"wp:term":[{"taxonomy":"product_brand","embeddable":true,"href":"https:\/\/www.ksttukku.fi\/cms\/wp-json\/wp\/v2\/product_brand?post=3025"},{"taxonomy":"product_cat","embeddable":true,"href":"https:\/\/www.ksttukku.fi\/cms\/wp-json\/wp\/v2\/product_cat?post=3025"},{"taxonomy":"product_tag","embeddable":true,"href":"https:\/\/www.ksttukku.fi\/cms\/wp-json\/wp\/v2\/product_tag?post=3025"}],"curies":[{"name":"wp","href":"https:\/\/api.w.org\/{rel}","templated":true}]}}