{"id":342,"date":"2016-08-20T13:22:00","date_gmt":"2016-08-20T10:22:00","guid":{"rendered":"http:\/\/www.ksttukku.fi\/cms\/?post_type=product&#038;p=342"},"modified":"2017-07-19T17:31:34","modified_gmt":"2017-07-19T14:31:34","slug":"led-c-spot-valonheitin-30w-pir-valkoinen","status":"publish","type":"product","link":"https:\/\/www.ksttukku.fi\/cms\/tuote\/led-c-spot-valonheitin-30w-pir-valkoinen\/","title":{"rendered":"Led C-spot valonheitin 30W, PIR, valkoinen"},"content":{"rendered":"<p>Valaisimessa infrapunaliiketunnistin (PIR)<\/p>\n<p>Valaisimessa valmiina 0,8 m liit\u00e4nt\u00e4johto(kumikaapeli) ja IP44 SUKO-pistotulppa<\/p>\n<p>Ohut muotoilu<\/p>\n<p>Teho: 30 W<\/p>\n<p>Valovirta:\u00a0 2400 lm<\/p>\n<p>IP-luokitus: IP44<\/p>\n<p>Valaisimen koko:\u00a0 260 x 260 x 34 (mm)<\/p>\n<p>Valonjakokulma 120\u00b0<\/p>\n<p>V\u00e4ril\u00e4mp\u00f6: 4500K<\/p>\n<p>V\u00e4ri: valkoinen<\/p>\n","protected":false},"excerpt":{"rendered":"<p>Led-valonheitin liiketunnistimella<\/p>\n","protected":false},"featured_media":343,"comment_status":"open","ping_status":"closed","template":"","meta":[],"product_brand":[],"product_cat":[77,19],"product_tag":[],"class_list":{"0":"post-342","1":"product","2":"type-product","3":"status-publish","4":"has-post-thumbnail","6":"product_cat-c-spot-valonheittimet","7":"product_cat-led-valonheittimet","9":"first","10":"instock","11":"taxable","12":"shipping-taxable","13":"purchasable","14":"product-type-simple"},"_links":{"self":[{"href":"https:\/\/www.ksttukku.fi\/cms\/wp-json\/wp\/v2\/product\/342","targetHints":{"allow":["GET"]}}],"collection":[{"href":"https:\/\/www.ksttukku.fi\/cms\/wp-json\/wp\/v2\/product"}],"about":[{"href":"https:\/\/www.ksttukku.fi\/cms\/wp-json\/wp\/v2\/types\/product"}],"replies":[{"embeddable":true,"href":"https:\/\/www.ksttukku.fi\/cms\/wp-json\/wp\/v2\/comments?post=342"}],"wp:featuredmedia":[{"embeddable":true,"href":"https:\/\/www.ksttukku.fi\/cms\/wp-json\/wp\/v2\/media\/343"}],"wp:attachment":[{"href":"https:\/\/www.ksttukku.fi\/cms\/wp-json\/wp\/v2\/media?parent=342"}],"wp:term":[{"taxonomy":"product_brand","embeddable":true,"href":"https:\/\/www.ksttukku.fi\/cms\/wp-json\/wp\/v2\/product_brand?post=342"},{"taxonomy":"product_cat","embeddable":true,"href":"https:\/\/www.ksttukku.fi\/cms\/wp-json\/wp\/v2\/product_cat?post=342"},{"taxonomy":"product_tag","embeddable":true,"href":"https:\/\/www.ksttukku.fi\/cms\/wp-json\/wp\/v2\/product_tag?post=342"}],"curies":[{"name":"wp","href":"https:\/\/api.w.org\/{rel}","templated":true}]}}