{"id":409,"date":"2016-08-31T13:43:15","date_gmt":"2016-08-31T10:43:15","guid":{"rendered":"http:\/\/www.ksttukku.fi\/cms\/?post_type=product&#038;p=409"},"modified":"2016-09-08T12:22:34","modified_gmt":"2016-09-08T09:22:34","slug":"copper-1-os-kattospotti","status":"publish","type":"product","link":"https:\/\/www.ksttukku.fi\/cms\/tuote\/copper-1-os-kattospotti\/","title":{"rendered":"Copper 1-os kattospotti"},"content":{"rendered":"<p>Koukkukiinnitys ja pistotulppa<\/p>\n<p>Valonl\u00e4hde: GU10, 35W (ei sis\u00e4lly pakkaukseen)<\/p>\n<p>V\u00e4ri: maalattu kupari<\/p>\n","protected":false},"excerpt":{"rendered":"<p>Koukkukiinnitys ja pistotulppa Valonl\u00e4hde: GU10, 35W (ei sis\u00e4lly pakkaukseen) V\u00e4ri: maalattu kupari<\/p>\n","protected":false},"featured_media":398,"comment_status":"open","ping_status":"closed","template":"","meta":[],"product_brand":[],"product_cat":[25],"product_tag":[],"class_list":{"0":"post-409","1":"product","2":"type-product","3":"status-publish","4":"has-post-thumbnail","6":"product_cat-kohdevalaisimet","8":"first","9":"instock","10":"taxable","11":"shipping-taxable","12":"purchasable","13":"product-type-simple"},"_links":{"self":[{"href":"https:\/\/www.ksttukku.fi\/cms\/wp-json\/wp\/v2\/product\/409","targetHints":{"allow":["GET"]}}],"collection":[{"href":"https:\/\/www.ksttukku.fi\/cms\/wp-json\/wp\/v2\/product"}],"about":[{"href":"https:\/\/www.ksttukku.fi\/cms\/wp-json\/wp\/v2\/types\/product"}],"replies":[{"embeddable":true,"href":"https:\/\/www.ksttukku.fi\/cms\/wp-json\/wp\/v2\/comments?post=409"}],"wp:featuredmedia":[{"embeddable":true,"href":"https:\/\/www.ksttukku.fi\/cms\/wp-json\/wp\/v2\/media\/398"}],"wp:attachment":[{"href":"https:\/\/www.ksttukku.fi\/cms\/wp-json\/wp\/v2\/media?parent=409"}],"wp:term":[{"taxonomy":"product_brand","embeddable":true,"href":"https:\/\/www.ksttukku.fi\/cms\/wp-json\/wp\/v2\/product_brand?post=409"},{"taxonomy":"product_cat","embeddable":true,"href":"https:\/\/www.ksttukku.fi\/cms\/wp-json\/wp\/v2\/product_cat?post=409"},{"taxonomy":"product_tag","embeddable":true,"href":"https:\/\/www.ksttukku.fi\/cms\/wp-json\/wp\/v2\/product_tag?post=409"}],"curies":[{"name":"wp","href":"https:\/\/api.w.org\/{rel}","templated":true}]}}