{"id":411,"date":"2016-08-31T15:33:18","date_gmt":"2016-08-31T12:33:18","guid":{"rendered":"http:\/\/www.ksttukku.fi\/cms\/?post_type=product&#038;p=411"},"modified":"2016-09-08T12:28:36","modified_gmt":"2016-09-08T09:28:36","slug":"copper-3-os-kattospotti","status":"publish","type":"product","link":"https:\/\/www.ksttukku.fi\/cms\/tuote\/copper-3-os-kattospotti\/","title":{"rendered":"Copper 3-os kattospotti"},"content":{"rendered":"<p>Koukkukiinnitys ja pistotulppa<\/p>\n<p>Valonl\u00e4hde: GU10, 3 x 35W (ei sis\u00e4lly pakkaukseen)<\/p>\n<p>V\u00e4ri: maalattu kupari<\/p>\n","protected":false},"excerpt":{"rendered":"<p>Koukkukiinnitys ja pistotulppa Valonl\u00e4hde: GU10, 3 x 35W (ei sis\u00e4lly pakkaukseen) V\u00e4ri: maalattu kupari<\/p>\n","protected":false},"featured_media":402,"comment_status":"open","ping_status":"closed","template":"","meta":[],"product_brand":[],"product_cat":[25],"product_tag":[],"class_list":{"0":"post-411","1":"product","2":"type-product","3":"status-publish","4":"has-post-thumbnail","6":"product_cat-kohdevalaisimet","8":"first","9":"instock","10":"taxable","11":"shipping-taxable","12":"purchasable","13":"product-type-simple"},"_links":{"self":[{"href":"https:\/\/www.ksttukku.fi\/cms\/wp-json\/wp\/v2\/product\/411","targetHints":{"allow":["GET"]}}],"collection":[{"href":"https:\/\/www.ksttukku.fi\/cms\/wp-json\/wp\/v2\/product"}],"about":[{"href":"https:\/\/www.ksttukku.fi\/cms\/wp-json\/wp\/v2\/types\/product"}],"replies":[{"embeddable":true,"href":"https:\/\/www.ksttukku.fi\/cms\/wp-json\/wp\/v2\/comments?post=411"}],"wp:featuredmedia":[{"embeddable":true,"href":"https:\/\/www.ksttukku.fi\/cms\/wp-json\/wp\/v2\/media\/402"}],"wp:attachment":[{"href":"https:\/\/www.ksttukku.fi\/cms\/wp-json\/wp\/v2\/media?parent=411"}],"wp:term":[{"taxonomy":"product_brand","embeddable":true,"href":"https:\/\/www.ksttukku.fi\/cms\/wp-json\/wp\/v2\/product_brand?post=411"},{"taxonomy":"product_cat","embeddable":true,"href":"https:\/\/www.ksttukku.fi\/cms\/wp-json\/wp\/v2\/product_cat?post=411"},{"taxonomy":"product_tag","embeddable":true,"href":"https:\/\/www.ksttukku.fi\/cms\/wp-json\/wp\/v2\/product_tag?post=411"}],"curies":[{"name":"wp","href":"https:\/\/api.w.org\/{rel}","templated":true}]}}