{"id":415,"date":"2016-09-01T15:26:38","date_gmt":"2016-09-01T12:26:38","guid":{"rendered":"http:\/\/www.ksttukku.fi\/cms\/?post_type=product&#038;p=415"},"modified":"2022-04-11T14:34:10","modified_gmt":"2022-04-11T11:34:10","slug":"firenze-pikkupylvas-musta","status":"publish","type":"product","link":"https:\/\/www.ksttukku.fi\/cms\/tuote\/firenze-pikkupylvas-musta\/","title":{"rendered":"Firenze pylv\u00e4s, musta"},"content":{"rendered":"<p>Sis\u00e4lt\u00e4\u00e4 pylv\u00e4\u00e4n<\/p>\n<p>Valaisimen mitat: 23,5 x 23,5 x 120 (cm)<\/p>\n<p>IP-luokitus: IP43<\/p>\n<p>Kanta: E27<\/p>\n<p>V\u00e4ri: musta<\/p>\n<p>&nbsp;<\/p>\n<p>&nbsp;<\/p>\n","protected":false},"excerpt":{"rendered":"<p>Sis\u00e4lt\u00e4\u00e4 pylv\u00e4\u00e4n Valaisimen mitat: 23,5 x 23,5 x 120 (cm) IP-luokitus: IP43 Kanta: E27 V\u00e4ri: musta &nbsp; &nbsp;<\/p>\n","protected":false},"featured_media":416,"comment_status":"open","ping_status":"closed","template":"","meta":[],"product_brand":[],"product_cat":[6],"product_tag":[],"class_list":{"0":"post-415","1":"product","2":"type-product","3":"status-publish","4":"has-post-thumbnail","6":"product_cat-ulkovalaisimet","8":"first","9":"instock","10":"taxable","11":"shipping-taxable","12":"purchasable","13":"product-type-simple"},"_links":{"self":[{"href":"https:\/\/www.ksttukku.fi\/cms\/wp-json\/wp\/v2\/product\/415","targetHints":{"allow":["GET"]}}],"collection":[{"href":"https:\/\/www.ksttukku.fi\/cms\/wp-json\/wp\/v2\/product"}],"about":[{"href":"https:\/\/www.ksttukku.fi\/cms\/wp-json\/wp\/v2\/types\/product"}],"replies":[{"embeddable":true,"href":"https:\/\/www.ksttukku.fi\/cms\/wp-json\/wp\/v2\/comments?post=415"}],"wp:featuredmedia":[{"embeddable":true,"href":"https:\/\/www.ksttukku.fi\/cms\/wp-json\/wp\/v2\/media\/416"}],"wp:attachment":[{"href":"https:\/\/www.ksttukku.fi\/cms\/wp-json\/wp\/v2\/media?parent=415"}],"wp:term":[{"taxonomy":"product_brand","embeddable":true,"href":"https:\/\/www.ksttukku.fi\/cms\/wp-json\/wp\/v2\/product_brand?post=415"},{"taxonomy":"product_cat","embeddable":true,"href":"https:\/\/www.ksttukku.fi\/cms\/wp-json\/wp\/v2\/product_cat?post=415"},{"taxonomy":"product_tag","embeddable":true,"href":"https:\/\/www.ksttukku.fi\/cms\/wp-json\/wp\/v2\/product_tag?post=415"}],"curies":[{"name":"wp","href":"https:\/\/api.w.org\/{rel}","templated":true}]}}