{"id":612,"date":"2016-09-17T12:22:05","date_gmt":"2016-09-17T09:22:05","guid":{"rendered":"http:\/\/www.ksttukku.fi\/cms\/?post_type=product&#038;p=612"},"modified":"2017-07-14T17:56:36","modified_gmt":"2017-07-14T14:56:36","slug":"ledlamppu-e14-2w-200lm-kirkas-2","status":"publish","type":"product","link":"https:\/\/www.ksttukku.fi\/cms\/tuote\/ledlamppu-e14-2w-200lm-kirkas-2\/","title":{"rendered":"Ledlamppu E14, 2W, 200lm, kirkas"},"content":{"rendered":"<p>Teho: 2 W<\/p>\n<p>Valovirta: 200 lm<\/p>\n<p>Mitat: 35 x 102 (mm)<\/p>\n<p>Valonjakokulma: 360\u00b0<\/p>\n<p>V\u00e4ril\u00e4mp\u00f6tila: 2700 K<\/p>\n<p>K\u00e4ytt\u00f6aika: 15000 h<\/p>\n","protected":false},"excerpt":{"rendered":"<p>Laaja 360\u00b0 valonjako<\/p>\n<p>2 kpl\/pakkaus<\/p>\n<p>Myyntier\u00e4 6 pkt<\/p>\n","protected":false},"featured_media":613,"comment_status":"open","ping_status":"closed","template":"","meta":[],"product_brand":[],"product_cat":[73,20],"product_tag":[],"class_list":{"0":"post-612","1":"product","2":"type-product","3":"status-publish","4":"has-post-thumbnail","6":"product_cat-filamentlamput","7":"product_cat-led-lamput","9":"first","10":"instock","11":"taxable","12":"shipping-taxable","13":"purchasable","14":"product-type-simple"},"_links":{"self":[{"href":"https:\/\/www.ksttukku.fi\/cms\/wp-json\/wp\/v2\/product\/612","targetHints":{"allow":["GET"]}}],"collection":[{"href":"https:\/\/www.ksttukku.fi\/cms\/wp-json\/wp\/v2\/product"}],"about":[{"href":"https:\/\/www.ksttukku.fi\/cms\/wp-json\/wp\/v2\/types\/product"}],"replies":[{"embeddable":true,"href":"https:\/\/www.ksttukku.fi\/cms\/wp-json\/wp\/v2\/comments?post=612"}],"wp:featuredmedia":[{"embeddable":true,"href":"https:\/\/www.ksttukku.fi\/cms\/wp-json\/wp\/v2\/media\/613"}],"wp:attachment":[{"href":"https:\/\/www.ksttukku.fi\/cms\/wp-json\/wp\/v2\/media?parent=612"}],"wp:term":[{"taxonomy":"product_brand","embeddable":true,"href":"https:\/\/www.ksttukku.fi\/cms\/wp-json\/wp\/v2\/product_brand?post=612"},{"taxonomy":"product_cat","embeddable":true,"href":"https:\/\/www.ksttukku.fi\/cms\/wp-json\/wp\/v2\/product_cat?post=612"},{"taxonomy":"product_tag","embeddable":true,"href":"https:\/\/www.ksttukku.fi\/cms\/wp-json\/wp\/v2\/product_tag?post=612"}],"curies":[{"name":"wp","href":"https:\/\/api.w.org\/{rel}","templated":true}]}}