{"id":623,"date":"2016-09-20T13:36:38","date_gmt":"2016-09-20T10:36:38","guid":{"rendered":"http:\/\/www.ksttukku.fi\/cms\/?post_type=product&#038;p=623"},"modified":"2017-07-14T17:55:14","modified_gmt":"2017-07-14T14:55:14","slug":"ledlamppu-e27-4w-400lm-himmea-2","status":"publish","type":"product","link":"https:\/\/www.ksttukku.fi\/cms\/tuote\/ledlamppu-e27-4w-400lm-himmea-2\/","title":{"rendered":"Ledlamppu E27, 4W, 400lm, himme\u00e4"},"content":{"rendered":"<p>Teho: 4 W<\/p>\n<p>Valovirta: 400 lm<\/p>\n<p>Mitat: 35 x 102 (mm)<\/p>\n<p>Valonjakokulma: 360\u00b0<\/p>\n<p>V\u00e4ril\u00e4mp\u00f6tila: 2700 K<\/p>\n<p>K\u00e4ytt\u00f6aika: 15000 h<\/p>\n","protected":false},"excerpt":{"rendered":"<p>Laaja 360\u00b0 valonjako<\/p>\n<p>2 kpl\/pakkaus<\/p>\n<p>Myyntier\u00e4 6 pkt<\/p>\n","protected":false},"featured_media":620,"comment_status":"open","ping_status":"closed","template":"","meta":[],"product_brand":[],"product_cat":[73,20],"product_tag":[],"class_list":{"0":"post-623","1":"product","2":"type-product","3":"status-publish","4":"has-post-thumbnail","6":"product_cat-filamentlamput","7":"product_cat-led-lamput","9":"first","10":"instock","11":"taxable","12":"shipping-taxable","13":"purchasable","14":"product-type-simple"},"_links":{"self":[{"href":"https:\/\/www.ksttukku.fi\/cms\/wp-json\/wp\/v2\/product\/623","targetHints":{"allow":["GET"]}}],"collection":[{"href":"https:\/\/www.ksttukku.fi\/cms\/wp-json\/wp\/v2\/product"}],"about":[{"href":"https:\/\/www.ksttukku.fi\/cms\/wp-json\/wp\/v2\/types\/product"}],"replies":[{"embeddable":true,"href":"https:\/\/www.ksttukku.fi\/cms\/wp-json\/wp\/v2\/comments?post=623"}],"wp:featuredmedia":[{"embeddable":true,"href":"https:\/\/www.ksttukku.fi\/cms\/wp-json\/wp\/v2\/media\/620"}],"wp:attachment":[{"href":"https:\/\/www.ksttukku.fi\/cms\/wp-json\/wp\/v2\/media?parent=623"}],"wp:term":[{"taxonomy":"product_brand","embeddable":true,"href":"https:\/\/www.ksttukku.fi\/cms\/wp-json\/wp\/v2\/product_brand?post=623"},{"taxonomy":"product_cat","embeddable":true,"href":"https:\/\/www.ksttukku.fi\/cms\/wp-json\/wp\/v2\/product_cat?post=623"},{"taxonomy":"product_tag","embeddable":true,"href":"https:\/\/www.ksttukku.fi\/cms\/wp-json\/wp\/v2\/product_tag?post=623"}],"curies":[{"name":"wp","href":"https:\/\/api.w.org\/{rel}","templated":true}]}}