{"id":638,"date":"2016-10-17T12:28:31","date_gmt":"2016-10-17T09:28:31","guid":{"rendered":"http:\/\/www.ksttukku.fi\/cms\/?post_type=product&#038;p=638"},"modified":"2017-01-02T13:23:47","modified_gmt":"2017-01-02T11:23:47","slug":"paneelivalo-6w-ip2022","status":"publish","type":"product","link":"https:\/\/www.ksttukku.fi\/cms\/tuote\/paneelivalo-6w-ip2022\/","title":{"rendered":"Paneelivalo 6W, IP20\/22"},"content":{"rendered":"<p>Eritt\u00e4in ohut sisustus- ja yleisvalaisin kaikkiin kodin kuiviin tiloihin<\/p>\n<p>Laaja, tasainen valonjako<\/p>\n<p>Asennus suoraan kattorasiaan<\/p>\n<p>Kehys ja runko muovia<\/p>\n<p>Teho: 6 W<\/p>\n<p>Valovirta: 370 lm<\/p>\n<p>IP-luokka: IP20 \/ IP22<\/p>\n<p>Valaisimen koko:\u00a0\u2205 120 mm, korkeus 35 mm<\/p>\n<p>Valonjakokulma: 120\u00b0<\/p>\n<p>V\u00e4ril\u00e4mp\u00f6 3500 K<\/p>\n","protected":false},"excerpt":{"rendered":"<p>Pinta-asennettava LED-valaisin<\/p>\n<p>Sis\u00e4\u00e4nrakennettu liit\u00e4nt\u00e4laite<\/p>\n","protected":false},"featured_media":640,"comment_status":"open","ping_status":"closed","template":"","meta":[],"product_brand":[],"product_cat":[15],"product_tag":[],"class_list":{"0":"post-638","1":"product","2":"type-product","3":"status-publish","4":"has-post-thumbnail","6":"product_cat-led-valaisimet","8":"first","9":"instock","10":"taxable","11":"shipping-taxable","12":"purchasable","13":"product-type-simple"},"_links":{"self":[{"href":"https:\/\/www.ksttukku.fi\/cms\/wp-json\/wp\/v2\/product\/638","targetHints":{"allow":["GET"]}}],"collection":[{"href":"https:\/\/www.ksttukku.fi\/cms\/wp-json\/wp\/v2\/product"}],"about":[{"href":"https:\/\/www.ksttukku.fi\/cms\/wp-json\/wp\/v2\/types\/product"}],"replies":[{"embeddable":true,"href":"https:\/\/www.ksttukku.fi\/cms\/wp-json\/wp\/v2\/comments?post=638"}],"wp:featuredmedia":[{"embeddable":true,"href":"https:\/\/www.ksttukku.fi\/cms\/wp-json\/wp\/v2\/media\/640"}],"wp:attachment":[{"href":"https:\/\/www.ksttukku.fi\/cms\/wp-json\/wp\/v2\/media?parent=638"}],"wp:term":[{"taxonomy":"product_brand","embeddable":true,"href":"https:\/\/www.ksttukku.fi\/cms\/wp-json\/wp\/v2\/product_brand?post=638"},{"taxonomy":"product_cat","embeddable":true,"href":"https:\/\/www.ksttukku.fi\/cms\/wp-json\/wp\/v2\/product_cat?post=638"},{"taxonomy":"product_tag","embeddable":true,"href":"https:\/\/www.ksttukku.fi\/cms\/wp-json\/wp\/v2\/product_tag?post=638"}],"curies":[{"name":"wp","href":"https:\/\/api.w.org\/{rel}","templated":true}]}}