{"id":708,"date":"2016-11-04T17:15:03","date_gmt":"2016-11-04T15:15:03","guid":{"rendered":"http:\/\/www.ksttukku.fi\/cms\/?post_type=product&#038;p=708"},"modified":"2018-01-08T10:40:39","modified_gmt":"2018-01-08T08:40:39","slug":"4-osainen-jatkojohto-15m-littea-pistotulppa","status":"publish","type":"product","link":"https:\/\/www.ksttukku.fi\/cms\/tuote\/4-osainen-jatkojohto-15m-littea-pistotulppa\/","title":{"rendered":"4-osainen jatkojohto 1,5m + litte\u00e4 pistotulppa"},"content":{"rendered":"<p>Litte\u00e4 pistotulppa on erinomainen valinta pistorasiaan, joka on huonekalun, kuten lipaston, kirjahyllyn tai s\u00e4ngyn takana. Pistotulpan syvyys on vain 7 mm, joten huonekalun saa l\u00e4hes kiinni sein\u00e4\u00e4n.<\/p>\n<p>4-osainen, 3 rasiaa 45\u00b0, 1 rasia 90\u00b0<\/p>\n","protected":false},"excerpt":{"rendered":"<p>Myyntier\u00e4 5 kpl<\/p>\n","protected":false},"featured_media":709,"comment_status":"open","ping_status":"closed","template":"","meta":[],"product_brand":[],"product_cat":[30],"product_tag":[],"class_list":{"0":"post-708","1":"product","2":"type-product","3":"status-publish","4":"has-post-thumbnail","6":"product_cat-jatkojohdot","8":"first","9":"instock","10":"taxable","11":"shipping-taxable","12":"purchasable","13":"product-type-simple"},"_links":{"self":[{"href":"https:\/\/www.ksttukku.fi\/cms\/wp-json\/wp\/v2\/product\/708","targetHints":{"allow":["GET"]}}],"collection":[{"href":"https:\/\/www.ksttukku.fi\/cms\/wp-json\/wp\/v2\/product"}],"about":[{"href":"https:\/\/www.ksttukku.fi\/cms\/wp-json\/wp\/v2\/types\/product"}],"replies":[{"embeddable":true,"href":"https:\/\/www.ksttukku.fi\/cms\/wp-json\/wp\/v2\/comments?post=708"}],"wp:featuredmedia":[{"embeddable":true,"href":"https:\/\/www.ksttukku.fi\/cms\/wp-json\/wp\/v2\/media\/709"}],"wp:attachment":[{"href":"https:\/\/www.ksttukku.fi\/cms\/wp-json\/wp\/v2\/media?parent=708"}],"wp:term":[{"taxonomy":"product_brand","embeddable":true,"href":"https:\/\/www.ksttukku.fi\/cms\/wp-json\/wp\/v2\/product_brand?post=708"},{"taxonomy":"product_cat","embeddable":true,"href":"https:\/\/www.ksttukku.fi\/cms\/wp-json\/wp\/v2\/product_cat?post=708"},{"taxonomy":"product_tag","embeddable":true,"href":"https:\/\/www.ksttukku.fi\/cms\/wp-json\/wp\/v2\/product_tag?post=708"}],"curies":[{"name":"wp","href":"https:\/\/api.w.org\/{rel}","templated":true}]}}