{"id":724,"date":"2016-11-05T12:43:13","date_gmt":"2016-11-05T10:43:13","guid":{"rendered":"http:\/\/www.ksttukku.fi\/cms\/?post_type=product&#038;p=724"},"modified":"2018-01-09T11:45:58","modified_gmt":"2018-01-09T09:45:58","slug":"4-osainen-jatkojohto-3m-ylijannitesuojalla","status":"publish","type":"product","link":"https:\/\/www.ksttukku.fi\/cms\/tuote\/4-osainen-jatkojohto-3m-ylijannitesuojalla\/","title":{"rendered":"4-osainen jatkojohto 3m ylij\u00e4nnitesuojalla"},"content":{"rendered":"<p>Maadoitettu jatkojohto sis\u00e4k\u00e4ytt\u00f6\u00f6n on-off-kytkimell\u00e4 ja ylij\u00e4nnitesuojalla.<\/p>\n<p>Pituus 3 m<\/p>\n","protected":false},"excerpt":{"rendered":"<p>Myyntier\u00e4 5 kpl<\/p>\n","protected":false},"featured_media":725,"comment_status":"open","ping_status":"closed","template":"","meta":[],"product_brand":[],"product_cat":[31],"product_tag":[],"class_list":{"0":"post-724","1":"product","2":"type-product","3":"status-publish","4":"has-post-thumbnail","6":"product_cat-jatkojohdot-kytkimella-ip20","8":"first","9":"instock","10":"taxable","11":"shipping-taxable","12":"purchasable","13":"product-type-simple"},"_links":{"self":[{"href":"https:\/\/www.ksttukku.fi\/cms\/wp-json\/wp\/v2\/product\/724","targetHints":{"allow":["GET"]}}],"collection":[{"href":"https:\/\/www.ksttukku.fi\/cms\/wp-json\/wp\/v2\/product"}],"about":[{"href":"https:\/\/www.ksttukku.fi\/cms\/wp-json\/wp\/v2\/types\/product"}],"replies":[{"embeddable":true,"href":"https:\/\/www.ksttukku.fi\/cms\/wp-json\/wp\/v2\/comments?post=724"}],"wp:featuredmedia":[{"embeddable":true,"href":"https:\/\/www.ksttukku.fi\/cms\/wp-json\/wp\/v2\/media\/725"}],"wp:attachment":[{"href":"https:\/\/www.ksttukku.fi\/cms\/wp-json\/wp\/v2\/media?parent=724"}],"wp:term":[{"taxonomy":"product_brand","embeddable":true,"href":"https:\/\/www.ksttukku.fi\/cms\/wp-json\/wp\/v2\/product_brand?post=724"},{"taxonomy":"product_cat","embeddable":true,"href":"https:\/\/www.ksttukku.fi\/cms\/wp-json\/wp\/v2\/product_cat?post=724"},{"taxonomy":"product_tag","embeddable":true,"href":"https:\/\/www.ksttukku.fi\/cms\/wp-json\/wp\/v2\/product_tag?post=724"}],"curies":[{"name":"wp","href":"https:\/\/api.w.org\/{rel}","templated":true}]}}