{"id":729,"date":"2016-11-05T13:04:46","date_gmt":"2016-11-05T11:04:46","guid":{"rendered":"http:\/\/www.ksttukku.fi\/cms\/?post_type=product&#038;p=729"},"modified":"2018-01-09T15:26:42","modified_gmt":"2018-01-09T13:26:42","slug":"4-osainen-tabletop-jatkojohto-2m","status":"publish","type":"product","link":"https:\/\/www.ksttukku.fi\/cms\/tuote\/4-osainen-tabletop-jatkojohto-2m\/","title":{"rendered":"4-osainen tabletop pistorasialista"},"content":{"rendered":"<p>P\u00f6yt\u00e4\u00e4n kiinnitett\u00e4v\u00e4ss\u00e4 pistorasialistassa on nelj\u00e4 suko-pistorasiaa ja kaksi USB-porttia 2,1A sek\u00e4 kaksi metallikiinnitint\u00e4.<\/p>\n<p>Sopii esim. tablettitietokoneen lataukseen.<\/p>\n<p>Johdon pituus 2 m<\/p>\n","protected":false},"excerpt":{"rendered":"<p>Myyntier\u00e4 5 kpl<\/p>\n","protected":false},"featured_media":730,"comment_status":"open","ping_status":"closed","template":"","meta":[],"product_brand":[],"product_cat":[31,49],"product_tag":[],"class_list":{"0":"post-729","1":"product","2":"type-product","3":"status-publish","4":"has-post-thumbnail","6":"product_cat-jatkojohdot-kytkimella-ip20","7":"product_cat-sahkotarvikkeet","9":"first","10":"instock","11":"taxable","12":"shipping-taxable","13":"purchasable","14":"product-type-simple"},"_links":{"self":[{"href":"https:\/\/www.ksttukku.fi\/cms\/wp-json\/wp\/v2\/product\/729","targetHints":{"allow":["GET"]}}],"collection":[{"href":"https:\/\/www.ksttukku.fi\/cms\/wp-json\/wp\/v2\/product"}],"about":[{"href":"https:\/\/www.ksttukku.fi\/cms\/wp-json\/wp\/v2\/types\/product"}],"replies":[{"embeddable":true,"href":"https:\/\/www.ksttukku.fi\/cms\/wp-json\/wp\/v2\/comments?post=729"}],"wp:featuredmedia":[{"embeddable":true,"href":"https:\/\/www.ksttukku.fi\/cms\/wp-json\/wp\/v2\/media\/730"}],"wp:attachment":[{"href":"https:\/\/www.ksttukku.fi\/cms\/wp-json\/wp\/v2\/media?parent=729"}],"wp:term":[{"taxonomy":"product_brand","embeddable":true,"href":"https:\/\/www.ksttukku.fi\/cms\/wp-json\/wp\/v2\/product_brand?post=729"},{"taxonomy":"product_cat","embeddable":true,"href":"https:\/\/www.ksttukku.fi\/cms\/wp-json\/wp\/v2\/product_cat?post=729"},{"taxonomy":"product_tag","embeddable":true,"href":"https:\/\/www.ksttukku.fi\/cms\/wp-json\/wp\/v2\/product_tag?post=729"}],"curies":[{"name":"wp","href":"https:\/\/api.w.org\/{rel}","templated":true}]}}