{"id":740,"date":"2016-11-05T14:16:22","date_gmt":"2016-11-05T12:16:22","guid":{"rendered":"http:\/\/www.ksttukku.fi\/cms\/?post_type=product&#038;p=740"},"modified":"2018-01-11T14:55:50","modified_gmt":"2018-01-11T12:55:50","slug":"1-osainen-trimmeri-jatkojohto-20m-ip20","status":"publish","type":"product","link":"https:\/\/www.ksttukku.fi\/cms\/tuote\/1-osainen-trimmeri-jatkojohto-20m-ip20\/","title":{"rendered":"1-osainen &#8221;trimmeri&#8221; jatkojohto 20m, IP20"},"content":{"rendered":"<p>Trimmerijohdot ovat IP20-luokiteltuja ja tarkoitettu vain tilap\u00e4iseen k\u00e4ytt\u00f6\u00f6n ulkona kuivalla s\u00e4\u00e4ll\u00e4 esim. s\u00e4hk\u00f6k\u00e4ytt\u00f6iset pensas- ja ruohonleikkurit, trimmerit, s\u00e4hk\u00f6sahat jne. Tuotteen turvav\u00e4ri on oranssi.<\/p>\n","protected":false},"excerpt":{"rendered":"<p>Trimmerijohdot ovat IP20-luokiteltuja ja tarkoitettu vain tilap\u00e4iseen k\u00e4ytt\u00f6\u00f6n ulkona kuivalla s\u00e4\u00e4ll\u00e4 esim. s\u00e4hk\u00f6k\u00e4ytt\u00f6iset pensas- ja ruohonleikkurit, trimmerit, s\u00e4hk\u00f6sahat jne. Tuotteen turvav\u00e4ri on oranssi.<\/p>\n","protected":false},"featured_media":739,"comment_status":"open","ping_status":"closed","template":"","meta":[],"product_brand":[],"product_cat":[49,32],"product_tag":[],"class_list":{"0":"post-740","1":"product","2":"type-product","3":"status-publish","4":"has-post-thumbnail","6":"product_cat-sahkotarvikkeet","7":"product_cat-ulkojatkojohdot","9":"first","10":"instock","11":"taxable","12":"shipping-taxable","13":"purchasable","14":"product-type-simple"},"_links":{"self":[{"href":"https:\/\/www.ksttukku.fi\/cms\/wp-json\/wp\/v2\/product\/740","targetHints":{"allow":["GET"]}}],"collection":[{"href":"https:\/\/www.ksttukku.fi\/cms\/wp-json\/wp\/v2\/product"}],"about":[{"href":"https:\/\/www.ksttukku.fi\/cms\/wp-json\/wp\/v2\/types\/product"}],"replies":[{"embeddable":true,"href":"https:\/\/www.ksttukku.fi\/cms\/wp-json\/wp\/v2\/comments?post=740"}],"wp:featuredmedia":[{"embeddable":true,"href":"https:\/\/www.ksttukku.fi\/cms\/wp-json\/wp\/v2\/media\/739"}],"wp:attachment":[{"href":"https:\/\/www.ksttukku.fi\/cms\/wp-json\/wp\/v2\/media?parent=740"}],"wp:term":[{"taxonomy":"product_brand","embeddable":true,"href":"https:\/\/www.ksttukku.fi\/cms\/wp-json\/wp\/v2\/product_brand?post=740"},{"taxonomy":"product_cat","embeddable":true,"href":"https:\/\/www.ksttukku.fi\/cms\/wp-json\/wp\/v2\/product_cat?post=740"},{"taxonomy":"product_tag","embeddable":true,"href":"https:\/\/www.ksttukku.fi\/cms\/wp-json\/wp\/v2\/product_tag?post=740"}],"curies":[{"name":"wp","href":"https:\/\/api.w.org\/{rel}","templated":true}]}}