{"id":762,"date":"2016-11-07T13:35:05","date_gmt":"2016-11-07T11:35:05","guid":{"rendered":"http:\/\/www.ksttukku.fi\/cms\/?post_type=product&#038;p=762"},"modified":"2018-01-11T15:10:35","modified_gmt":"2018-01-11T13:10:35","slug":"cee-cee-karavaanarijohto-20m","status":"publish","type":"product","link":"https:\/\/www.ksttukku.fi\/cms\/tuote\/cee-cee-karavaanarijohto-20m\/","title":{"rendered":"CEE-CEE karavaanarijohto 20m"},"content":{"rendered":"<p>Karavaanarituotteet on tarkoitettu asuntovaunu-, asuntoauto- ja veneilij\u00e4k\u00e4ytt\u00f6\u00f6n.<\/p>\n<p>CEE &#8211; CEE kumikaapelijatkojohto H07RN-F 3 x 2,5 mm\u00b2<\/p>\n<p>Pituus: 20m<\/p>\n","protected":false},"excerpt":{"rendered":"<p>Karavaanarituotteet on tarkoitettu asuntovaunu-, asuntoauto- ja veneilij\u00e4k\u00e4ytt\u00f6\u00f6n. CEE &#8211; CEE kumikaapelijatkojohto H07RN-F 3 x 2,5 mm\u00b2 Pituus: 20m<\/p>\n","protected":false},"featured_media":763,"comment_status":"open","ping_status":"closed","template":"","meta":[],"product_brand":[],"product_cat":[49,32],"product_tag":[],"class_list":{"0":"post-762","1":"product","2":"type-product","3":"status-publish","4":"has-post-thumbnail","6":"product_cat-sahkotarvikkeet","7":"product_cat-ulkojatkojohdot","9":"first","10":"instock","11":"taxable","12":"shipping-taxable","13":"purchasable","14":"product-type-simple"},"_links":{"self":[{"href":"https:\/\/www.ksttukku.fi\/cms\/wp-json\/wp\/v2\/product\/762","targetHints":{"allow":["GET"]}}],"collection":[{"href":"https:\/\/www.ksttukku.fi\/cms\/wp-json\/wp\/v2\/product"}],"about":[{"href":"https:\/\/www.ksttukku.fi\/cms\/wp-json\/wp\/v2\/types\/product"}],"replies":[{"embeddable":true,"href":"https:\/\/www.ksttukku.fi\/cms\/wp-json\/wp\/v2\/comments?post=762"}],"wp:featuredmedia":[{"embeddable":true,"href":"https:\/\/www.ksttukku.fi\/cms\/wp-json\/wp\/v2\/media\/763"}],"wp:attachment":[{"href":"https:\/\/www.ksttukku.fi\/cms\/wp-json\/wp\/v2\/media?parent=762"}],"wp:term":[{"taxonomy":"product_brand","embeddable":true,"href":"https:\/\/www.ksttukku.fi\/cms\/wp-json\/wp\/v2\/product_brand?post=762"},{"taxonomy":"product_cat","embeddable":true,"href":"https:\/\/www.ksttukku.fi\/cms\/wp-json\/wp\/v2\/product_cat?post=762"},{"taxonomy":"product_tag","embeddable":true,"href":"https:\/\/www.ksttukku.fi\/cms\/wp-json\/wp\/v2\/product_tag?post=762"}],"curies":[{"name":"wp","href":"https:\/\/api.w.org\/{rel}","templated":true}]}}