{"id":784,"date":"2016-11-09T16:48:59","date_gmt":"2016-11-09T14:48:59","guid":{"rendered":"http:\/\/www.ksttukku.fi\/cms\/?post_type=product&#038;p=784"},"modified":"2016-11-09T17:00:00","modified_gmt":"2016-11-09T15:00:00","slug":"power-cube-5-os-15m-johto","status":"publish","type":"product","link":"https:\/\/www.ksttukku.fi\/cms\/tuote\/power-cube-5-os-15m-johto\/","title":{"rendered":"Power Cube 5-osainen haaroitin, 1,5m johto"},"content":{"rendered":"<p>Aito Power cube, 5 maadoitettua pistoketta. Liitett\u00e4v\u00e4t laitteet eiv\u00e4t peit\u00e4 koskaan viereist\u00e4 pistoketta. 1,5m liit\u00e4nt\u00e4kaapelilla ja p\u00f6yt\u00e4telineell\u00e4.<\/p>\n","protected":false},"excerpt":{"rendered":"<p>Aito Power cube, 5 maadoitettua pistoketta. Liitett\u00e4v\u00e4t laitteet eiv\u00e4t peit\u00e4 koskaan viereist\u00e4 pistoketta. 1,5m liit\u00e4nt\u00e4kaapelilla ja p\u00f6yt\u00e4telineell\u00e4.<\/p>\n","protected":false},"featured_media":786,"comment_status":"open","ping_status":"closed","template":"","meta":[],"product_brand":[],"product_cat":[33],"product_tag":[],"class_list":{"0":"post-784","1":"product","2":"type-product","3":"status-publish","4":"has-post-thumbnail","6":"product_cat-haaroittimet-ja-adapterit","8":"first","9":"instock","10":"taxable","11":"shipping-taxable","12":"purchasable","13":"product-type-simple"},"_links":{"self":[{"href":"https:\/\/www.ksttukku.fi\/cms\/wp-json\/wp\/v2\/product\/784","targetHints":{"allow":["GET"]}}],"collection":[{"href":"https:\/\/www.ksttukku.fi\/cms\/wp-json\/wp\/v2\/product"}],"about":[{"href":"https:\/\/www.ksttukku.fi\/cms\/wp-json\/wp\/v2\/types\/product"}],"replies":[{"embeddable":true,"href":"https:\/\/www.ksttukku.fi\/cms\/wp-json\/wp\/v2\/comments?post=784"}],"wp:featuredmedia":[{"embeddable":true,"href":"https:\/\/www.ksttukku.fi\/cms\/wp-json\/wp\/v2\/media\/786"}],"wp:attachment":[{"href":"https:\/\/www.ksttukku.fi\/cms\/wp-json\/wp\/v2\/media?parent=784"}],"wp:term":[{"taxonomy":"product_brand","embeddable":true,"href":"https:\/\/www.ksttukku.fi\/cms\/wp-json\/wp\/v2\/product_brand?post=784"},{"taxonomy":"product_cat","embeddable":true,"href":"https:\/\/www.ksttukku.fi\/cms\/wp-json\/wp\/v2\/product_cat?post=784"},{"taxonomy":"product_tag","embeddable":true,"href":"https:\/\/www.ksttukku.fi\/cms\/wp-json\/wp\/v2\/product_tag?post=784"}],"curies":[{"name":"wp","href":"https:\/\/api.w.org\/{rel}","templated":true}]}}