{"id":812,"date":"2016-11-11T16:13:19","date_gmt":"2016-11-11T14:13:19","guid":{"rendered":"http:\/\/www.ksttukku.fi\/cms\/?post_type=product&#038;p=812"},"modified":"2018-01-16T11:34:30","modified_gmt":"2018-01-16T09:34:30","slug":"avattava-littea-pistotulppa-2","status":"publish","type":"product","link":"https:\/\/www.ksttukku.fi\/cms\/tuote\/avattava-littea-pistotulppa-2\/","title":{"rendered":"Avattava litte\u00e4 pistotulppa IP20"},"content":{"rendered":"<p>Litte\u00e4 pistotulppa on erinomainen valinta pistorasiaan, joka on huonekalun, kuten lipaston, kirjahyllyn tai s\u00e4ngyn takana. Pistotulpan syvyys on vain 7 mm, joten huonekalun saa l\u00e4hes kiinni sein\u00e4\u00e4n.<\/p>\n<p>V\u00e4ri: musta<\/p>\n","protected":false},"excerpt":{"rendered":"<p>Myyntier\u00e4 5 kpl<\/p>\n","protected":false},"featured_media":813,"comment_status":"open","ping_status":"closed","template":"","meta":[],"product_brand":[],"product_cat":[34,49],"product_tag":[],"class_list":{"0":"post-812","1":"product","2":"type-product","3":"status-publish","4":"has-post-thumbnail","6":"product_cat-jatkopistorasiat-ja-pistotulpat","7":"product_cat-sahkotarvikkeet","9":"first","10":"instock","11":"taxable","12":"shipping-taxable","13":"purchasable","14":"product-type-simple"},"_links":{"self":[{"href":"https:\/\/www.ksttukku.fi\/cms\/wp-json\/wp\/v2\/product\/812","targetHints":{"allow":["GET"]}}],"collection":[{"href":"https:\/\/www.ksttukku.fi\/cms\/wp-json\/wp\/v2\/product"}],"about":[{"href":"https:\/\/www.ksttukku.fi\/cms\/wp-json\/wp\/v2\/types\/product"}],"replies":[{"embeddable":true,"href":"https:\/\/www.ksttukku.fi\/cms\/wp-json\/wp\/v2\/comments?post=812"}],"wp:featuredmedia":[{"embeddable":true,"href":"https:\/\/www.ksttukku.fi\/cms\/wp-json\/wp\/v2\/media\/813"}],"wp:attachment":[{"href":"https:\/\/www.ksttukku.fi\/cms\/wp-json\/wp\/v2\/media?parent=812"}],"wp:term":[{"taxonomy":"product_brand","embeddable":true,"href":"https:\/\/www.ksttukku.fi\/cms\/wp-json\/wp\/v2\/product_brand?post=812"},{"taxonomy":"product_cat","embeddable":true,"href":"https:\/\/www.ksttukku.fi\/cms\/wp-json\/wp\/v2\/product_cat?post=812"},{"taxonomy":"product_tag","embeddable":true,"href":"https:\/\/www.ksttukku.fi\/cms\/wp-json\/wp\/v2\/product_tag?post=812"}],"curies":[{"name":"wp","href":"https:\/\/api.w.org\/{rel}","templated":true}]}}