{"id":923,"date":"2016-11-26T12:48:13","date_gmt":"2016-11-26T10:48:13","guid":{"rendered":"http:\/\/www.ksttukku.fi\/cms\/?post_type=product&#038;p=923"},"modified":"2017-02-24T12:57:26","modified_gmt":"2017-02-24T10:57:26","slug":"optinen-palovaroitin","status":"publish","type":"product","link":"https:\/\/www.ksttukku.fi\/cms\/tuote\/optinen-palovaroitin\/","title":{"rendered":"Xpert optinen palovaroitin"},"content":{"rendered":"<p>Optinen palovaroitin tunnistaa n\u00e4kyv\u00e4n savun ja reagoi nopeasti kuuluvalla h\u00e4lytys\u00e4\u00e4nell\u00e4<\/p>\n<p>Ilmoittaa automaattisesti \u00e4\u00e4nimerkill\u00e4 pariston vaihtotarpeesta<\/p>\n<p>Toimii 9V paristolla (ei sis\u00e4lly pakkaukseen)<\/p>\n<p>\u2205 101 mm<\/p>\n<p>&nbsp;<\/p>\n","protected":false},"excerpt":{"rendered":"<p>Optinen palovaroitin tunnistaa n\u00e4kyv\u00e4n savun ja reagoi nopeasti kuuluvalla h\u00e4lytys\u00e4\u00e4nell\u00e4 Ilmoittaa automaattisesti \u00e4\u00e4nimerkill\u00e4 pariston vaihtotarpeesta Toimii 9V paristolla (ei sis\u00e4lly pakkaukseen) \u2205 101 mm &nbsp;<\/p>\n","protected":false},"featured_media":924,"comment_status":"open","ping_status":"closed","template":"","meta":[],"product_brand":[],"product_cat":[41],"product_tag":[],"class_list":{"0":"post-923","1":"product","2":"type-product","3":"status-publish","4":"has-post-thumbnail","6":"product_cat-turvallisuustuotteet","8":"first","9":"instock","10":"taxable","11":"shipping-taxable","12":"purchasable","13":"product-type-simple"},"_links":{"self":[{"href":"https:\/\/www.ksttukku.fi\/cms\/wp-json\/wp\/v2\/product\/923","targetHints":{"allow":["GET"]}}],"collection":[{"href":"https:\/\/www.ksttukku.fi\/cms\/wp-json\/wp\/v2\/product"}],"about":[{"href":"https:\/\/www.ksttukku.fi\/cms\/wp-json\/wp\/v2\/types\/product"}],"replies":[{"embeddable":true,"href":"https:\/\/www.ksttukku.fi\/cms\/wp-json\/wp\/v2\/comments?post=923"}],"wp:featuredmedia":[{"embeddable":true,"href":"https:\/\/www.ksttukku.fi\/cms\/wp-json\/wp\/v2\/media\/924"}],"wp:attachment":[{"href":"https:\/\/www.ksttukku.fi\/cms\/wp-json\/wp\/v2\/media?parent=923"}],"wp:term":[{"taxonomy":"product_brand","embeddable":true,"href":"https:\/\/www.ksttukku.fi\/cms\/wp-json\/wp\/v2\/product_brand?post=923"},{"taxonomy":"product_cat","embeddable":true,"href":"https:\/\/www.ksttukku.fi\/cms\/wp-json\/wp\/v2\/product_cat?post=923"},{"taxonomy":"product_tag","embeddable":true,"href":"https:\/\/www.ksttukku.fi\/cms\/wp-json\/wp\/v2\/product_tag?post=923"}],"curies":[{"name":"wp","href":"https:\/\/api.w.org\/{rel}","templated":true}]}}