{"id":947,"date":"2017-01-09T10:42:20","date_gmt":"2017-01-09T08:42:20","guid":{"rendered":"http:\/\/www.ksttukku.fi\/cms\/?post_type=product&#038;p=947"},"modified":"2017-01-09T10:42:20","modified_gmt":"2017-01-09T08:42:20","slug":"led-kattovalaisin-14w-ip54","status":"publish","type":"product","link":"https:\/\/www.ksttukku.fi\/cms\/tuote\/led-kattovalaisin-14w-ip54\/","title":{"rendered":"Led kattovalaisin 14W, IP54"},"content":{"rendered":"<p>Kest\u00e4v\u00e4 ja monik\u00e4ytt\u00f6inen yleisvalaisin sis\u00e4- ja ulkok\u00e4ytt\u00f6\u00f6n<\/p>\n<p>Teho: 14 W<\/p>\n<p>Valovirta: 1000 lm<\/p>\n<p>IP-luokitus: IP54<\/p>\n<p>Valaisimen koko:\u00a0\u2205 305 mm<\/p>\n<p>Valonjakokulma: 110\u00b0<\/p>\n<p>V\u00e4ril\u00e4mp\u00f6: 4000 K<\/p>\n<p>K\u00e4ytt\u00f6aika: 30 000 h<\/p>\n<p>V\u00e4ri: valkoinen<\/p>\n","protected":false},"excerpt":{"rendered":"<p>Led-kattovalaisin kaikkiin kodin tiloihin sis\u00e4lle ja ulos<\/p>\n","protected":false},"featured_media":948,"comment_status":"open","ping_status":"closed","template":"","meta":[],"product_brand":[],"product_cat":[15],"product_tag":[],"class_list":{"0":"post-947","1":"product","2":"type-product","3":"status-publish","4":"has-post-thumbnail","6":"product_cat-led-valaisimet","8":"first","9":"instock","10":"taxable","11":"shipping-taxable","12":"purchasable","13":"product-type-simple"},"_links":{"self":[{"href":"https:\/\/www.ksttukku.fi\/cms\/wp-json\/wp\/v2\/product\/947","targetHints":{"allow":["GET"]}}],"collection":[{"href":"https:\/\/www.ksttukku.fi\/cms\/wp-json\/wp\/v2\/product"}],"about":[{"href":"https:\/\/www.ksttukku.fi\/cms\/wp-json\/wp\/v2\/types\/product"}],"replies":[{"embeddable":true,"href":"https:\/\/www.ksttukku.fi\/cms\/wp-json\/wp\/v2\/comments?post=947"}],"wp:featuredmedia":[{"embeddable":true,"href":"https:\/\/www.ksttukku.fi\/cms\/wp-json\/wp\/v2\/media\/948"}],"wp:attachment":[{"href":"https:\/\/www.ksttukku.fi\/cms\/wp-json\/wp\/v2\/media?parent=947"}],"wp:term":[{"taxonomy":"product_brand","embeddable":true,"href":"https:\/\/www.ksttukku.fi\/cms\/wp-json\/wp\/v2\/product_brand?post=947"},{"taxonomy":"product_cat","embeddable":true,"href":"https:\/\/www.ksttukku.fi\/cms\/wp-json\/wp\/v2\/product_cat?post=947"},{"taxonomy":"product_tag","embeddable":true,"href":"https:\/\/www.ksttukku.fi\/cms\/wp-json\/wp\/v2\/product_tag?post=947"}],"curies":[{"name":"wp","href":"https:\/\/api.w.org\/{rel}","templated":true}]}}