{"id":951,"date":"2017-01-09T13:26:51","date_gmt":"2017-01-09T11:26:51","guid":{"rendered":"http:\/\/www.ksttukku.fi\/cms\/?post_type=product&#038;p=951"},"modified":"2022-04-08T16:06:35","modified_gmt":"2022-04-08T13:06:35","slug":"himmennettava-paneelivalo-19w-ip20","status":"publish","type":"product","link":"https:\/\/www.ksttukku.fi\/cms\/tuote\/himmennettava-paneelivalo-19w-ip20\/","title":{"rendered":"Paneelivalo 18W, 1440lm, 295x295mm"},"content":{"rendered":"<p>Moduulikattoon, uppoasennukseen, kattolistan varaan tai ripustusasennukseen. Tehokkaalla 1440 Lumenin LED-paneelivalolla luot tyylikk\u00e4\u00e4n valaistuksen, 4000k v\u00e4ril\u00e4mp\u00f6tila takaa raikkaan valkoisen valaistuksen. Eritt\u00e4in ohuen muotoilunsa ansiosta valaisin sopii erinomaisesti kodin valaistukseen, toimistoihin ja julkisiintiloihin. Todella pieni energiankulutus ja syttyy heti t\u00e4yteen valaisutehoon. LED moduuli paneelivalo 18 W, neli\u00f6kehys, valkoinen<\/p>\n<p>J\u00e4nnite: 230V\/50Hz<\/p>\n<p>V\u00e4ril\u00e4mp\u00f6tila: 4000K(valkoinen)<\/p>\n<p>Valovirta: 1440lm<\/p>\n<p>IP-luokka: IP20<\/p>\n<p>Mitat: kehys 295 x 295 mm, valopinta 247 x 247 mm, korkeus 11 mm<\/p>\n<p>Valonjakokulma 120\u00b0<\/p>\n<p>K\u00e4ytt\u00f6ik\u00e4: 30000h, syttymiskertoja yli 100000, 2 vuoden takuu<\/p>\n","protected":false},"excerpt":{"rendered":"<p>Moduulikattoon, uppoasennukseen, kattolistan varaan tai ripustusasennukseen. Tehokkaalla 1440 Lumenin LED-paneelivalolla luot tyylikk\u00e4\u00e4n valaistuksen, 4000k v\u00e4ril\u00e4mp\u00f6tila takaa raikkaan valkoisen valaistuksen. Eritt\u00e4in ohuen muotoilunsa ansiosta valaisin sopii erinomaisesti kodin valaistukseen, toimistoihin ja julkisiintiloihin. Todella pieni energiankulutus ja syttyy heti t\u00e4yteen valaisutehoon. LED &hellip;<\/p>\n<p class=\"read-more\"> <a class=\"more-link\" href=\"https:\/\/www.ksttukku.fi\/cms\/tuote\/himmennettava-paneelivalo-19w-ip20\/\"> <span class=\"screen-reader-text\">Paneelivalo 18W, 1440lm, 295x295mm<\/span> Lue lis\u00e4\u00e4 &raquo;<\/a><\/p>\n","protected":false},"featured_media":2285,"comment_status":"open","ping_status":"closed","template":"","meta":[],"product_brand":[],"product_cat":[106],"product_tag":[],"class_list":{"0":"post-951","1":"product","2":"type-product","3":"status-publish","4":"has-post-thumbnail","6":"product_cat-moduuli-paneelivalaisimet","8":"first","9":"outofstock","10":"taxable","11":"shipping-taxable","12":"purchasable","13":"product-type-simple"},"_links":{"self":[{"href":"https:\/\/www.ksttukku.fi\/cms\/wp-json\/wp\/v2\/product\/951","targetHints":{"allow":["GET"]}}],"collection":[{"href":"https:\/\/www.ksttukku.fi\/cms\/wp-json\/wp\/v2\/product"}],"about":[{"href":"https:\/\/www.ksttukku.fi\/cms\/wp-json\/wp\/v2\/types\/product"}],"replies":[{"embeddable":true,"href":"https:\/\/www.ksttukku.fi\/cms\/wp-json\/wp\/v2\/comments?post=951"}],"wp:featuredmedia":[{"embeddable":true,"href":"https:\/\/www.ksttukku.fi\/cms\/wp-json\/wp\/v2\/media\/2285"}],"wp:attachment":[{"href":"https:\/\/www.ksttukku.fi\/cms\/wp-json\/wp\/v2\/media?parent=951"}],"wp:term":[{"taxonomy":"product_brand","embeddable":true,"href":"https:\/\/www.ksttukku.fi\/cms\/wp-json\/wp\/v2\/product_brand?post=951"},{"taxonomy":"product_cat","embeddable":true,"href":"https:\/\/www.ksttukku.fi\/cms\/wp-json\/wp\/v2\/product_cat?post=951"},{"taxonomy":"product_tag","embeddable":true,"href":"https:\/\/www.ksttukku.fi\/cms\/wp-json\/wp\/v2\/product_tag?post=951"}],"curies":[{"name":"wp","href":"https:\/\/api.w.org\/{rel}","templated":true}]}}