{"id":954,"date":"2017-01-09T13:39:41","date_gmt":"2017-01-09T11:39:41","guid":{"rendered":"http:\/\/www.ksttukku.fi\/cms\/?post_type=product&#038;p=954"},"modified":"2022-04-08T16:05:39","modified_gmt":"2022-04-08T13:05:39","slug":"himmennettava-paneelivalo-40w-ip20","status":"publish","type":"product","link":"https:\/\/www.ksttukku.fi\/cms\/tuote\/himmennettava-paneelivalo-40w-ip20\/","title":{"rendered":"Himmennett\u00e4v\u00e4 paneelivalo 40W, 3600lm, 295x1195mm"},"content":{"rendered":"<p>Moduulikattoon, uppoasennukseen, kattolistan varaan tai ripustusasennukseen. Tehokkaalla 3600 Lumenin LED-paneelivalolla luot tyylikk\u00e4\u00e4n valaistuksen, 4000k v\u00e4ril\u00e4mp\u00f6tila takaa raikkaan valkoisen valaistuksen. Eritt\u00e4in ohuen muotoilunsa ansiosta valaisin sopii erinomaisesti kodin valaistukseen, toimistoihin ja julkisiintiloihin. Todella pieni energiankulutus ja syttyy heti t\u00e4yteen valaisutehoon. Himmennett\u00e4v\u00e4<\/p>\n<p>J\u00e4nnite: 230 V, 50Hz<\/p>\n<p>V\u00e4ril\u00e4mp\u00f6tila: 4000 K (valkoinen)<\/p>\n<p>Teho: 40 W<\/p>\n<p>Valovirta: 3600 lm<\/p>\n<p>IP-luokka: IP20<\/p>\n<p>Mitat: kehys 1195 x 295mm, valopinta 1147 x 247mm, korkeus 11 mm<\/p>\n<p>Valonjakokulma: 120\u00b0<\/p>\n<p>K\u00e4ytt\u00f6aika: 30 000h, syttymiskertoja yli 100 000, 2 vuoden takuu<\/p>\n<p>V\u00e4ri: valkoinen<\/p>\n","protected":false},"excerpt":{"rendered":"<p>Moduulikattoon, uppoasennukseen, kattolistan varaan tai ripustusasennukseen. Tehokkaalla 3600 Lumenin LED-paneelivalolla luot tyylikk\u00e4\u00e4n valaistuksen, 4000k v\u00e4ril\u00e4mp\u00f6tila takaa raikkaan valkoisen valaistuksen. Eritt\u00e4in ohuen muotoilunsa ansiosta valaisin sopii erinomaisesti kodin valaistukseen, toimistoihin ja julkisiintiloihin. Todella pieni energiankulutus ja syttyy heti t\u00e4yteen valaisutehoon. Himmennett\u00e4v\u00e4 &hellip;<\/p>\n<p class=\"read-more\"> <a class=\"more-link\" href=\"https:\/\/www.ksttukku.fi\/cms\/tuote\/himmennettava-paneelivalo-40w-ip20\/\"> <span class=\"screen-reader-text\">Himmennett\u00e4v\u00e4 paneelivalo 40W, 3600lm, 295x1195mm<\/span> Lue lis\u00e4\u00e4 &raquo;<\/a><\/p>\n","protected":false},"featured_media":2287,"comment_status":"open","ping_status":"closed","template":"","meta":[],"product_brand":[],"product_cat":[106],"product_tag":[],"class_list":{"0":"post-954","1":"product","2":"type-product","3":"status-publish","4":"has-post-thumbnail","6":"product_cat-moduuli-paneelivalaisimet","8":"first","9":"outofstock","10":"taxable","11":"shipping-taxable","12":"purchasable","13":"product-type-simple"},"_links":{"self":[{"href":"https:\/\/www.ksttukku.fi\/cms\/wp-json\/wp\/v2\/product\/954","targetHints":{"allow":["GET"]}}],"collection":[{"href":"https:\/\/www.ksttukku.fi\/cms\/wp-json\/wp\/v2\/product"}],"about":[{"href":"https:\/\/www.ksttukku.fi\/cms\/wp-json\/wp\/v2\/types\/product"}],"replies":[{"embeddable":true,"href":"https:\/\/www.ksttukku.fi\/cms\/wp-json\/wp\/v2\/comments?post=954"}],"wp:featuredmedia":[{"embeddable":true,"href":"https:\/\/www.ksttukku.fi\/cms\/wp-json\/wp\/v2\/media\/2287"}],"wp:attachment":[{"href":"https:\/\/www.ksttukku.fi\/cms\/wp-json\/wp\/v2\/media?parent=954"}],"wp:term":[{"taxonomy":"product_brand","embeddable":true,"href":"https:\/\/www.ksttukku.fi\/cms\/wp-json\/wp\/v2\/product_brand?post=954"},{"taxonomy":"product_cat","embeddable":true,"href":"https:\/\/www.ksttukku.fi\/cms\/wp-json\/wp\/v2\/product_cat?post=954"},{"taxonomy":"product_tag","embeddable":true,"href":"https:\/\/www.ksttukku.fi\/cms\/wp-json\/wp\/v2\/product_tag?post=954"}],"curies":[{"name":"wp","href":"https:\/\/api.w.org\/{rel}","templated":true}]}}