{"id":10018,"date":"2022-05-30T17:14:02","date_gmt":"2022-05-30T14:14:02","guid":{"rendered":"https:\/\/www.ksttukku.fi\/kauppa\/?post_type=product&#038;p=10018"},"modified":"2022-05-30T17:14:03","modified_gmt":"2022-05-30T14:14:03","slug":"trio-esquel-solar-pylvasvalaisin","status":"publish","type":"product","link":"https:\/\/www.ksttukku.fi\/kauppa\/tuote\/trio-esquel-solar-pylvasvalaisin\/","title":{"rendered":"Trio Esquel Solar Pylv\u00e4svalaisin"},"content":{"rendered":"<p>Esquel ulkovalaisin on tehokas Led- aurinkokennovalaisin 4,5W<\/p>\n<p>Teho 290lm<\/p>\n<p>V\u00e4ril\u00e4mp\u00f6tila 3000K<\/p>\n<p>Valaisimessa on\u00a0 liiketunnistin .<\/p>\n<p>Materiaali : alumiini<\/p>\n<p>V\u00e4ri: antrasiitti<\/p>\n<p>IP 44<\/p>\n<p>korkeus 60cm<\/p>\n<p>leveys 18cm<\/p>\n<p>syvyys 14cm<\/p>\n<p>&nbsp;<\/p>\n<table class=\"attribute-table\" style=\"width: 5.32173%; height: 131px;\">\n<tbody>\n<tr>\n<td class=\"attribute-label\" style=\"width: 52.0548%;\"><\/td>\n<td class=\"attribute-value\" style=\"width: 13.242%;\" data-attribute-value-for=\"Materiaali\"><\/td>\n<\/tr>\n<tr>\n<td class=\"attribute-label\" style=\"width: 52.0548%;\"><\/td>\n<td class=\"attribute-value\" style=\"width: 13.242%;\" data-attribute-value-for=\"V\u00e4ri\"><\/td>\n<\/tr>\n<\/tbody>\n<\/table>\n<table class=\"attribute-table\" style=\"width: 8.00529%; height: 91px;\">\n<tbody>\n<tr>\n<td class=\"attribute-label\"><\/td>\n<td class=\"attribute-value\" data-attribute-value-for=\"IP-luokka\"><\/td>\n<\/tr>\n<\/tbody>\n<\/table>\n<table class=\"attribute-table\" style=\"width: 0.0000230045%; height: 166px;\">\n<tbody>\n<tr>\n<td class=\"attribute-label\" style=\"width: 64.4809%;\"><\/td>\n<td class=\"attribute-value\" style=\"width: 10.3093%;\" data-attribute-value-for=\"Korkeus (cm)\"><\/td>\n<\/tr>\n<tr>\n<td class=\"attribute-label\" style=\"width: 64.4809%;\"><\/td>\n<td class=\"attribute-value\" style=\"width: 10.3093%;\" data-attribute-value-for=\"Leveys (cm)\"><\/td>\n<\/tr>\n<tr>\n<td class=\"attribute-label\" style=\"width: 64.4809%;\"><\/td>\n<td class=\"attribute-value\" style=\"width: 10.3093%;\" data-attribute-value-for=\"Syvyys (cm)\"><\/td>\n<\/tr>\n<\/tbody>\n<\/table>\n","protected":false},"excerpt":{"rendered":"<p>Esquel ulkovalaisin on tehokas Led- aurinkokennovalaisin 4,5W Teho 290lm V\u00e4ril\u00e4mp\u00f6tila 3000K Valaisimessa on\u00a0 liiketunnistin . Materiaali : alumiini V\u00e4ri: antrasiitti IP 44 korkeus 60cm leveys 18cm syvyys 14cm &nbsp;<\/p>\n","protected":false},"featured_media":10019,"comment_status":"closed","ping_status":"closed","template":"","meta":[],"product_brand":[],"product_cat":[306,34],"product_tag":[],"class_list":{"0":"post-10018","1":"product","2":"type-product","3":"status-publish","4":"has-post-thumbnail","6":"product_cat-aurinkokennovalaisimet","7":"product_cat-valaisimet","9":"first","10":"instock","11":"taxable","12":"shipping-taxable","13":"purchasable","14":"product-type-simple"},"_links":{"self":[{"href":"https:\/\/www.ksttukku.fi\/kauppa\/wp-json\/wp\/v2\/product\/10018","targetHints":{"allow":["GET"]}}],"collection":[{"href":"https:\/\/www.ksttukku.fi\/kauppa\/wp-json\/wp\/v2\/product"}],"about":[{"href":"https:\/\/www.ksttukku.fi\/kauppa\/wp-json\/wp\/v2\/types\/product"}],"replies":[{"embeddable":true,"href":"https:\/\/www.ksttukku.fi\/kauppa\/wp-json\/wp\/v2\/comments?post=10018"}],"wp:featuredmedia":[{"embeddable":true,"href":"https:\/\/www.ksttukku.fi\/kauppa\/wp-json\/wp\/v2\/media\/10019"}],"wp:attachment":[{"href":"https:\/\/www.ksttukku.fi\/kauppa\/wp-json\/wp\/v2\/media?parent=10018"}],"wp:term":[{"taxonomy":"product_brand","embeddable":true,"href":"https:\/\/www.ksttukku.fi\/kauppa\/wp-json\/wp\/v2\/product_brand?post=10018"},{"taxonomy":"product_cat","embeddable":true,"href":"https:\/\/www.ksttukku.fi\/kauppa\/wp-json\/wp\/v2\/product_cat?post=10018"},{"taxonomy":"product_tag","embeddable":true,"href":"https:\/\/www.ksttukku.fi\/kauppa\/wp-json\/wp\/v2\/product_tag?post=10018"}],"curies":[{"name":"wp","href":"https:\/\/api.w.org\/{rel}","templated":true}]}}