{"id":10027,"date":"2022-05-30T18:06:03","date_gmt":"2022-05-30T15:06:03","guid":{"rendered":"https:\/\/www.ksttukku.fi\/kauppa\/?post_type=product&#038;p=10027"},"modified":"2022-05-30T18:06:04","modified_gmt":"2022-05-30T15:06:04","slug":"pistorasia-hiili-3-os-maadoitettu-pinta-kulma-mattamusta","status":"publish","type":"product","link":"https:\/\/www.ksttukku.fi\/kauppa\/tuote\/pistorasia-hiili-3-os-maadoitettu-pinta-kulma-mattamusta\/","title":{"rendered":"Pistorasia HIILI 3-os maadoitettu pinta kulma mattamusta"},"content":{"rendered":"<p><span id=\"data1\" class=\"pt1\">Tekniset tiedot:<br \/>\nNimellisj\u00e4nnite: 250 V<br \/>\nTaajuus 50 Hz<br \/>\nNimellisvirta: 16 A<br \/>\nKotelointiluokka: IP20<br \/>\nMateriaali: PC, halogeeniton<br \/>\nV\u00e4ri: musta<br \/>\nKytkent\u00e4tapa: jousiliittimet<br \/>\nAsennus: pinta-asennus<\/p>\n<p>Tuotteen mitat:<br \/>\nLeveys (mm): 84 mm<br \/>\nKorkeus (mm): 155 mm<br \/>\nSyvyys (mm): 46 mm<\/span><\/p>\n","protected":false},"excerpt":{"rendered":"<p>HIILI-sarjan mattamusta maadoitettu 3-osainen kulmapistorasia kuiviin tiloihin. Kytkent\u00e4 helposti jousiiliittimin. Kotelointiluokka IP20.<\/p>\n<p>HIILI on uusi tyylik\u00e4s mattamusta s\u00e4hk\u00f6kalustesarja pinta- ja uppo-asennuksiin sis\u00e4- ja ulkok\u00e4ytt\u00f6\u00f6n. HIILI sopii monenlaisiin sisustuksiin. Matta pinta on my\u00f6s helppo pit\u00e4\u00e4 puhtaana, sill\u00e4 sormenj\u00e4ljet eiv\u00e4t n\u00e4y pinnassa.<\/p>\n","protected":false},"featured_media":10028,"comment_status":"closed","ping_status":"closed","template":"","meta":[],"product_brand":[],"product_cat":[482,230],"product_tag":[],"class_list":{"0":"post-10027","1":"product","2":"type-product","3":"status-publish","4":"has-post-thumbnail","6":"product_cat-mustat-pistorasiat-ja-kytkimet","7":"product_cat-sahkotarvikkeet","9":"first","10":"instock","11":"taxable","12":"shipping-taxable","13":"purchasable","14":"product-type-simple"},"_links":{"self":[{"href":"https:\/\/www.ksttukku.fi\/kauppa\/wp-json\/wp\/v2\/product\/10027","targetHints":{"allow":["GET"]}}],"collection":[{"href":"https:\/\/www.ksttukku.fi\/kauppa\/wp-json\/wp\/v2\/product"}],"about":[{"href":"https:\/\/www.ksttukku.fi\/kauppa\/wp-json\/wp\/v2\/types\/product"}],"replies":[{"embeddable":true,"href":"https:\/\/www.ksttukku.fi\/kauppa\/wp-json\/wp\/v2\/comments?post=10027"}],"wp:featuredmedia":[{"embeddable":true,"href":"https:\/\/www.ksttukku.fi\/kauppa\/wp-json\/wp\/v2\/media\/10028"}],"wp:attachment":[{"href":"https:\/\/www.ksttukku.fi\/kauppa\/wp-json\/wp\/v2\/media?parent=10027"}],"wp:term":[{"taxonomy":"product_brand","embeddable":true,"href":"https:\/\/www.ksttukku.fi\/kauppa\/wp-json\/wp\/v2\/product_brand?post=10027"},{"taxonomy":"product_cat","embeddable":true,"href":"https:\/\/www.ksttukku.fi\/kauppa\/wp-json\/wp\/v2\/product_cat?post=10027"},{"taxonomy":"product_tag","embeddable":true,"href":"https:\/\/www.ksttukku.fi\/kauppa\/wp-json\/wp\/v2\/product_tag?post=10027"}],"curies":[{"name":"wp","href":"https:\/\/api.w.org\/{rel}","templated":true}]}}