{"id":10070,"date":"2022-06-01T17:52:22","date_gmt":"2022-06-01T14:52:22","guid":{"rendered":"https:\/\/www.ksttukku.fi\/kauppa\/?post_type=product&#038;p=10070"},"modified":"2022-06-01T17:52:23","modified_gmt":"2022-06-01T14:52:23","slug":"fanni-k-matto-aamu-140x200cm-sini-valkoinen","status":"publish","type":"product","link":"https:\/\/www.ksttukku.fi\/kauppa\/tuote\/fanni-k-matto-aamu-140x200cm-sini-valkoinen\/","title":{"rendered":"Fanni K Matto Aamu 140x200cm Sini\/valkoinen"},"content":{"rendered":"<div class=\"description\">140 x 200 cm. Printattu kivipesty puuvilla, 915 g\/m2.<\/div>\n<div class=\"description\">Printattu, kauniin kuluneeksi kivipesty puuvillamatto sinisen ja valkoisen pett\u00e4m\u00e4tt\u00f6m\u00e4n toimivassa v\u00e4riliitossa<\/div>\n<div>k\u00e4sipesu 30 \u00ba<\/div>\n","protected":false},"excerpt":{"rendered":"<p>140 x 200 cm. Printattu kivipesty puuvilla, 915 g\/m2. Printattu, kauniin kuluneeksi kivipesty puuvillamatto sinisen ja valkoisen pett\u00e4m\u00e4tt\u00f6m\u00e4n toimivassa v\u00e4riliitossa k\u00e4sipesu 30 \u00ba<\/p>\n","protected":false},"featured_media":10071,"comment_status":"closed","ping_status":"closed","template":"","meta":[],"product_brand":[],"product_cat":[22,28],"product_tag":[],"class_list":{"0":"post-10070","1":"product","2":"type-product","3":"status-publish","4":"has-post-thumbnail","6":"product_cat-matot","7":"product_cat-muovimatot","9":"first","10":"instock","11":"sale","12":"taxable","13":"shipping-taxable","14":"purchasable","15":"product-type-simple"},"_links":{"self":[{"href":"https:\/\/www.ksttukku.fi\/kauppa\/wp-json\/wp\/v2\/product\/10070","targetHints":{"allow":["GET"]}}],"collection":[{"href":"https:\/\/www.ksttukku.fi\/kauppa\/wp-json\/wp\/v2\/product"}],"about":[{"href":"https:\/\/www.ksttukku.fi\/kauppa\/wp-json\/wp\/v2\/types\/product"}],"replies":[{"embeddable":true,"href":"https:\/\/www.ksttukku.fi\/kauppa\/wp-json\/wp\/v2\/comments?post=10070"}],"wp:featuredmedia":[{"embeddable":true,"href":"https:\/\/www.ksttukku.fi\/kauppa\/wp-json\/wp\/v2\/media\/10071"}],"wp:attachment":[{"href":"https:\/\/www.ksttukku.fi\/kauppa\/wp-json\/wp\/v2\/media?parent=10070"}],"wp:term":[{"taxonomy":"product_brand","embeddable":true,"href":"https:\/\/www.ksttukku.fi\/kauppa\/wp-json\/wp\/v2\/product_brand?post=10070"},{"taxonomy":"product_cat","embeddable":true,"href":"https:\/\/www.ksttukku.fi\/kauppa\/wp-json\/wp\/v2\/product_cat?post=10070"},{"taxonomy":"product_tag","embeddable":true,"href":"https:\/\/www.ksttukku.fi\/kauppa\/wp-json\/wp\/v2\/product_tag?post=10070"}],"curies":[{"name":"wp","href":"https:\/\/api.w.org\/{rel}","templated":true}]}}