{"id":10113,"date":"2022-06-02T17:44:46","date_gmt":"2022-06-02T14:44:46","guid":{"rendered":"https:\/\/www.ksttukku.fi\/kauppa\/?post_type=product&#038;p=10113"},"modified":"2022-06-03T10:59:26","modified_gmt":"2022-06-03T07:59:26","slug":"star-trading-aurinkokennovalaisin-liiketunnistimella","status":"publish","type":"product","link":"https:\/\/www.ksttukku.fi\/kauppa\/tuote\/star-trading-aurinkokennovalaisin-liiketunnistimella\/","title":{"rendered":"Star trading aurinkokennovalaisin liiketunnistimella"},"content":{"rendered":"<ul>\n<li class=\"ng-star-inserted\">automaattinen h\u00e4m\u00e4r\u00e4sensori<\/li>\n<li class=\"ng-star-inserted\">liiketunnistin\u00a0 5\u20138 m<\/li>\n<li class=\"ng-star-inserted\">Kirkas valo syttyy 60 sekunniksi<\/li>\n<li class=\"ng-star-inserted\">erillinen aurinkopaneeli 300 cm johdolla<\/li>\n<li>sis\u00e4ltyy\u00a0 1 ladattava litiumioniparisto<\/li>\n<li>Ip 44<\/li>\n<\/ul>\n","protected":false},"excerpt":{"rendered":"<p>automaattinen h\u00e4m\u00e4r\u00e4sensori liiketunnistin\u00a0 5\u20138 m Kirkas valo syttyy 60 sekunniksi erillinen aurinkopaneeli 300 cm johdolla sis\u00e4ltyy\u00a0 1 ladattava litiumioniparisto Ip 44<\/p>\n","protected":false},"featured_media":10115,"comment_status":"closed","ping_status":"closed","template":"","meta":[],"product_brand":[],"product_cat":[306,362,36,34],"product_tag":[],"class_list":{"0":"post-10113","1":"product","2":"type-product","3":"status-publish","4":"has-post-thumbnail","6":"product_cat-aurinkokennovalaisimet","7":"product_cat-puutarhavalaisimet","8":"product_cat-ulkovalaisimet","9":"product_cat-valaisimet","11":"first","12":"instock","13":"taxable","14":"shipping-taxable","15":"purchasable","16":"product-type-simple"},"_links":{"self":[{"href":"https:\/\/www.ksttukku.fi\/kauppa\/wp-json\/wp\/v2\/product\/10113","targetHints":{"allow":["GET"]}}],"collection":[{"href":"https:\/\/www.ksttukku.fi\/kauppa\/wp-json\/wp\/v2\/product"}],"about":[{"href":"https:\/\/www.ksttukku.fi\/kauppa\/wp-json\/wp\/v2\/types\/product"}],"replies":[{"embeddable":true,"href":"https:\/\/www.ksttukku.fi\/kauppa\/wp-json\/wp\/v2\/comments?post=10113"}],"wp:featuredmedia":[{"embeddable":true,"href":"https:\/\/www.ksttukku.fi\/kauppa\/wp-json\/wp\/v2\/media\/10115"}],"wp:attachment":[{"href":"https:\/\/www.ksttukku.fi\/kauppa\/wp-json\/wp\/v2\/media?parent=10113"}],"wp:term":[{"taxonomy":"product_brand","embeddable":true,"href":"https:\/\/www.ksttukku.fi\/kauppa\/wp-json\/wp\/v2\/product_brand?post=10113"},{"taxonomy":"product_cat","embeddable":true,"href":"https:\/\/www.ksttukku.fi\/kauppa\/wp-json\/wp\/v2\/product_cat?post=10113"},{"taxonomy":"product_tag","embeddable":true,"href":"https:\/\/www.ksttukku.fi\/kauppa\/wp-json\/wp\/v2\/product_tag?post=10113"}],"curies":[{"name":"wp","href":"https:\/\/api.w.org\/{rel}","templated":true}]}}