{"id":10128,"date":"2022-06-03T12:15:24","date_gmt":"2022-06-03T09:15:24","guid":{"rendered":"https:\/\/www.ksttukku.fi\/kauppa\/?post_type=product&#038;p=10128"},"modified":"2022-06-03T12:15:24","modified_gmt":"2022-06-03T09:15:24","slug":"valley-lemmikinpeti-60cmx50cmx22cm","status":"publish","type":"product","link":"https:\/\/www.ksttukku.fi\/kauppa\/tuote\/valley-lemmikinpeti-60cmx50cmx22cm\/","title":{"rendered":"Valley lemmikinpeti 60cmx50cmx22cm"},"content":{"rendered":"<p><strong>\u00a0<\/strong><\/p>\n<p>Valley Kallo -lemmikin peti on pehme\u00e4\u00a0 lepopaikka koirille. Antislip -pohja pit\u00e4\u00e4 pedin paikoillaan.<\/p>\n<p>Irrotettava patja on helppo puhdistaa tarvittaessa. Peti voidaan pest\u00e4\u00a0 pesukoneessa 30 asteen l\u00e4mp\u00f6tilassa.<\/p>\n<p><strong>Valley Kallo peti 60x50x22cm<\/strong><\/p>\n","protected":false},"excerpt":{"rendered":"<p>\u00a0 Valley Kallo -lemmikin peti on pehme\u00e4\u00a0 lepopaikka koirille. Antislip -pohja pit\u00e4\u00e4 pedin paikoillaan. Irrotettava patja on helppo puhdistaa tarvittaessa. Peti voidaan pest\u00e4\u00a0 pesukoneessa 30 asteen l\u00e4mp\u00f6tilassa. Valley Kallo peti 60x50x22cm<\/p>\n","protected":false},"featured_media":10129,"comment_status":"closed","ping_status":"closed","template":"","meta":[],"product_brand":[],"product_cat":[483,206],"product_tag":[],"class_list":{"0":"post-10128","1":"product","2":"type-product","3":"status-publish","4":"has-post-thumbnail","6":"product_cat-lemmikin-pedit","7":"product_cat-sup-laudat","9":"first","10":"instock","11":"taxable","12":"shipping-taxable","13":"purchasable","14":"product-type-simple"},"_links":{"self":[{"href":"https:\/\/www.ksttukku.fi\/kauppa\/wp-json\/wp\/v2\/product\/10128","targetHints":{"allow":["GET"]}}],"collection":[{"href":"https:\/\/www.ksttukku.fi\/kauppa\/wp-json\/wp\/v2\/product"}],"about":[{"href":"https:\/\/www.ksttukku.fi\/kauppa\/wp-json\/wp\/v2\/types\/product"}],"replies":[{"embeddable":true,"href":"https:\/\/www.ksttukku.fi\/kauppa\/wp-json\/wp\/v2\/comments?post=10128"}],"wp:featuredmedia":[{"embeddable":true,"href":"https:\/\/www.ksttukku.fi\/kauppa\/wp-json\/wp\/v2\/media\/10129"}],"wp:attachment":[{"href":"https:\/\/www.ksttukku.fi\/kauppa\/wp-json\/wp\/v2\/media?parent=10128"}],"wp:term":[{"taxonomy":"product_brand","embeddable":true,"href":"https:\/\/www.ksttukku.fi\/kauppa\/wp-json\/wp\/v2\/product_brand?post=10128"},{"taxonomy":"product_cat","embeddable":true,"href":"https:\/\/www.ksttukku.fi\/kauppa\/wp-json\/wp\/v2\/product_cat?post=10128"},{"taxonomy":"product_tag","embeddable":true,"href":"https:\/\/www.ksttukku.fi\/kauppa\/wp-json\/wp\/v2\/product_tag?post=10128"}],"curies":[{"name":"wp","href":"https:\/\/api.w.org\/{rel}","templated":true}]}}