{"id":10138,"date":"2022-06-03T18:00:20","date_gmt":"2022-06-03T15:00:20","guid":{"rendered":"https:\/\/www.ksttukku.fi\/kauppa\/?post_type=product&#038;p=10138"},"modified":"2023-07-20T14:32:29","modified_gmt":"2023-07-20T11:32:29","slug":"airam-slim-duo-fix-ip44-8w-3000-4000k-dim","status":"publish","type":"product","link":"https:\/\/www.ksttukku.fi\/kauppa\/tuote\/airam-slim-duo-fix-ip44-8w-3000-4000k-dim\/","title":{"rendered":"Airam Slim Duo Fix IP44 8W 3000\/4000K DIM"},"content":{"rendered":"<p>Vahvarakenteinen Slim Duo Fix on v\u00e4ril\u00e4mp\u00f6tilan vaihdolla ja hyvill\u00e4 himmennysominaisuuksilla varustettu alasvalo erityisesti saneerauskohteisiin. Opaloidun kuvun ansioista valaisin sulautuu huomaamattomasti valkoiseen kattoon. K\u00e4ytt\u00f6kohteita ovat kylpyhuoneet, k\u00e4yt\u00e4v\u00e4t ja oleskelutilat.<\/p>\n<div class=\"section\" data-v-5523b94e=\"\">\n<div class=\"section__content scylla-wysiwyg std text--left\" data-v-5523b94e=\"\">\n<p>Runko painevalettua alumiinia, kupu akryylia.<\/p>\n<p>Valkoinen, RAL9010.<\/p>\n<p>Suojausluokka II.<\/p>\n<p>Uppoasennus kattoon.<\/p>\n<p>Upotushalkaisija: 90 &#8211; 100 mm<\/p>\n<p>Soveltuu ketjutettavaksi: Himmennett\u00e4v\u00e4t ja Casambi-mallit maks. 3 x 2,5 mm2. Dali-2 mallit maks. 5 x 2,5 mm2. Jousiliittimet<\/p>\n<p>Asennuskorkeus 2\u20134 m.<\/p>\n<p>V\u00e4ril\u00e4mp\u00f6tilat 3000 K ja 4000 K, vaihdettavissa valaisimesta. CRI &gt; 80 \/ Ra &gt; 80.<\/p>\n<p>MacAdam 5 SDCM.<\/p>\n<p>IP20\/IP44.<\/p>\n<p>IK07.<\/p>\n<p>Kiinte\u00e4 led 8 W. 3000K 600 lm, 4000K 650 lm.<\/p>\n<p>Himmennys: nousevan ja laskevan reunan ohjaus, Dali-2, jossa suorapainikeohjaus (230V); ja Casambi.<\/p>\n<p>K\u00e4ytt\u00f6ymp\u00e4rist\u00f6n l\u00e4mp\u00f6tila -0 \u2026 25 \u00b0C.<\/p>\n<p>Hy\u00f6tyelinik\u00e4 L70 50 000 h (Ta25\u00b0C).<\/p>\n<\/div>\n<\/div>\n<p>CRI&gt;80<\/p>\n<p>SDCM5<\/p>\n<p>Soveltuu l\u00e4pijohdotukseen; 3&#215;2.5mm\u00b2<\/p>\n<p>&nbsp;<\/p>\n","protected":false},"excerpt":{"rendered":"<p>Voidaan asentaa my\u00f6s kylpyhuoneeseen.<\/p>\n","protected":false},"featured_media":10140,"comment_status":"closed","ping_status":"closed","template":"","meta":[],"product_brand":[],"product_cat":[46,35,52,34],"product_tag":[],"class_list":{"0":"post-10138","1":"product","2":"type-product","3":"status-publish","4":"has-post-thumbnail","6":"product_cat-alasvalot","7":"product_cat-sisavalaisimet","8":"product_cat-upotettavat","9":"product_cat-valaisimet","11":"first","12":"instock","13":"taxable","14":"shipping-taxable","15":"purchasable","16":"product-type-simple"},"_links":{"self":[{"href":"https:\/\/www.ksttukku.fi\/kauppa\/wp-json\/wp\/v2\/product\/10138","targetHints":{"allow":["GET"]}}],"collection":[{"href":"https:\/\/www.ksttukku.fi\/kauppa\/wp-json\/wp\/v2\/product"}],"about":[{"href":"https:\/\/www.ksttukku.fi\/kauppa\/wp-json\/wp\/v2\/types\/product"}],"replies":[{"embeddable":true,"href":"https:\/\/www.ksttukku.fi\/kauppa\/wp-json\/wp\/v2\/comments?post=10138"}],"wp:featuredmedia":[{"embeddable":true,"href":"https:\/\/www.ksttukku.fi\/kauppa\/wp-json\/wp\/v2\/media\/10140"}],"wp:attachment":[{"href":"https:\/\/www.ksttukku.fi\/kauppa\/wp-json\/wp\/v2\/media?parent=10138"}],"wp:term":[{"taxonomy":"product_brand","embeddable":true,"href":"https:\/\/www.ksttukku.fi\/kauppa\/wp-json\/wp\/v2\/product_brand?post=10138"},{"taxonomy":"product_cat","embeddable":true,"href":"https:\/\/www.ksttukku.fi\/kauppa\/wp-json\/wp\/v2\/product_cat?post=10138"},{"taxonomy":"product_tag","embeddable":true,"href":"https:\/\/www.ksttukku.fi\/kauppa\/wp-json\/wp\/v2\/product_tag?post=10138"}],"curies":[{"name":"wp","href":"https:\/\/api.w.org\/{rel}","templated":true}]}}