{"id":10170,"date":"2022-06-06T17:19:54","date_gmt":"2022-06-06T14:19:54","guid":{"rendered":"https:\/\/www.ksttukku.fi\/kauppa\/?post_type=product&#038;p=10170"},"modified":"2024-04-24T11:51:05","modified_gmt":"2024-04-24T08:51:05","slug":"led-riippuvalaisin-15434-w","status":"publish","type":"product","link":"https:\/\/www.ksttukku.fi\/kauppa\/tuote\/led-riippuvalaisin-15434-w\/","title":{"rendered":"Led-riippuvalaisin  15434 W"},"content":{"rendered":"<p data-sanitized-data-mce-fragment=\"1\">Py\u00f6re\u00e4 valkoinen monitasoinen riippuvalaisin (ep\u00e4suoravalo)<\/p>\n<p data-sanitized-data-mce-fragment=\"1\">valoteho\u00a0 2400lm<\/p>\n<p data-sanitized-data-mce-fragment=\"1\">metallivalaisin<\/p>\n<p data-sanitized-data-mce-fragment=\"1\">halkaisija 40cm<\/p>\n<p data-sanitized-data-mce-fragment=\"1\">korkeus 120 cm<\/p>\n","protected":false},"excerpt":{"rendered":"<p>Py\u00f6re\u00e4 valkoinen monitasoinen riippuvalaisin (ep\u00e4suoravalo) valoteho\u00a0 2400lm metallivalaisin halkaisija 40cm korkeus 120 cm<\/p>\n","protected":false},"featured_media":10171,"comment_status":"closed","ping_status":"closed","template":"","meta":[],"product_brand":[],"product_cat":[49,35,34],"product_tag":[],"class_list":{"0":"post-10170","1":"product","2":"type-product","3":"status-publish","4":"has-post-thumbnail","6":"product_cat-riippuvalaisimet","7":"product_cat-sisavalaisimet","8":"product_cat-valaisimet","10":"first","11":"instock","12":"taxable","13":"shipping-taxable","14":"purchasable","15":"product-type-simple"},"_links":{"self":[{"href":"https:\/\/www.ksttukku.fi\/kauppa\/wp-json\/wp\/v2\/product\/10170","targetHints":{"allow":["GET"]}}],"collection":[{"href":"https:\/\/www.ksttukku.fi\/kauppa\/wp-json\/wp\/v2\/product"}],"about":[{"href":"https:\/\/www.ksttukku.fi\/kauppa\/wp-json\/wp\/v2\/types\/product"}],"replies":[{"embeddable":true,"href":"https:\/\/www.ksttukku.fi\/kauppa\/wp-json\/wp\/v2\/comments?post=10170"}],"wp:featuredmedia":[{"embeddable":true,"href":"https:\/\/www.ksttukku.fi\/kauppa\/wp-json\/wp\/v2\/media\/10171"}],"wp:attachment":[{"href":"https:\/\/www.ksttukku.fi\/kauppa\/wp-json\/wp\/v2\/media?parent=10170"}],"wp:term":[{"taxonomy":"product_brand","embeddable":true,"href":"https:\/\/www.ksttukku.fi\/kauppa\/wp-json\/wp\/v2\/product_brand?post=10170"},{"taxonomy":"product_cat","embeddable":true,"href":"https:\/\/www.ksttukku.fi\/kauppa\/wp-json\/wp\/v2\/product_cat?post=10170"},{"taxonomy":"product_tag","embeddable":true,"href":"https:\/\/www.ksttukku.fi\/kauppa\/wp-json\/wp\/v2\/product_tag?post=10170"}],"curies":[{"name":"wp","href":"https:\/\/api.w.org\/{rel}","templated":true}]}}