{"id":10176,"date":"2022-06-06T18:00:27","date_gmt":"2022-06-06T15:00:27","guid":{"rendered":"https:\/\/www.ksttukku.fi\/kauppa\/?post_type=product&#038;p=10176"},"modified":"2025-07-29T12:13:52","modified_gmt":"2025-07-29T09:13:52","slug":"dominica-riippuvalaisin-2","status":"publish","type":"product","link":"https:\/\/www.ksttukku.fi\/kauppa\/tuote\/dominica-riippuvalaisin-2\/","title":{"rendered":"Dominica riippuvalaisin"},"content":{"rendered":"<p>Dominica on trendik\u00e4s ja tunnelmallinen kattovalaisin eri v\u00e4rivaihtoehdoilla. Valaisimissa on metallinen varjostin yhdistettyn\u00e4 luonnollisen v\u00e4riseen puiseen yl\u00e4osaan ja kangasp\u00e4\u00e4llysteiseen johtoon. Valaisin on suunniteltu ihmisille, jotka etsiv\u00e4t yksil\u00f6llist\u00e4 tyyli\u00e4. Kattovalaisinta voidaan k\u00e4ytt\u00e4\u00e4 yksin\u00e4\u00e4n tai ryhm\u00e4ss\u00e4, yhdist\u00e4en eri v\u00e4rej\u00e4 ja esimerkiksi keitti\u00f6ss\u00e4, ruokahuoneessa tai makuuhuoneessa.<\/p>\n<p>    Halkaisija: 29 cm<br \/>\n    Korkeus: 30 cm<br \/>\n    1 x E27, max 60 W (polttimo ei sis\u00e4lly)<br \/>\n    Johdon pituus: 3 m (s\u00e4\u00e4dett\u00e4viss\u00e4)<br \/>\n    Koukkukiinnitys ja valaisinpistotulppa<\/p>\n","protected":false},"excerpt":{"rendered":"<p>Dominica on trendik\u00e4s ja tunnelmallinen kattovalaisin eri v\u00e4rivaihtoehdoilla. Valaisimissa on metallinen varjostin yhdistettyn\u00e4 luonnollisen v\u00e4riseen puiseen yl\u00e4osaan ja kangasp\u00e4\u00e4llysteiseen johtoon. Valaisin on suunniteltu ihmisille, jotka etsiv\u00e4t yksil\u00f6llist\u00e4 tyyli\u00e4. Kattovalaisinta voidaan k\u00e4ytt\u00e4\u00e4 yksin\u00e4\u00e4n tai ryhm\u00e4ss\u00e4, yhdist\u00e4en eri v\u00e4rej\u00e4 ja esimerkiksi keitti\u00f6ss\u00e4, ruokahuoneessa tai makuuhuoneessa. Halkaisija: 29 cm Korkeus: 30 cm 1 x E27, max 60 W [&hellip;]<\/p>\n","protected":false},"featured_media":17871,"comment_status":"closed","ping_status":"closed","template":"","meta":[],"product_brand":[],"product_cat":[49,35,34],"product_tag":[],"class_list":{"0":"post-10176","1":"product","2":"type-product","3":"status-publish","4":"has-post-thumbnail","6":"product_cat-riippuvalaisimet","7":"product_cat-sisavalaisimet","8":"product_cat-valaisimet","10":"first","11":"instock","12":"taxable","13":"shipping-taxable","14":"purchasable","15":"product-type-simple"},"_links":{"self":[{"href":"https:\/\/www.ksttukku.fi\/kauppa\/wp-json\/wp\/v2\/product\/10176","targetHints":{"allow":["GET"]}}],"collection":[{"href":"https:\/\/www.ksttukku.fi\/kauppa\/wp-json\/wp\/v2\/product"}],"about":[{"href":"https:\/\/www.ksttukku.fi\/kauppa\/wp-json\/wp\/v2\/types\/product"}],"replies":[{"embeddable":true,"href":"https:\/\/www.ksttukku.fi\/kauppa\/wp-json\/wp\/v2\/comments?post=10176"}],"wp:featuredmedia":[{"embeddable":true,"href":"https:\/\/www.ksttukku.fi\/kauppa\/wp-json\/wp\/v2\/media\/17871"}],"wp:attachment":[{"href":"https:\/\/www.ksttukku.fi\/kauppa\/wp-json\/wp\/v2\/media?parent=10176"}],"wp:term":[{"taxonomy":"product_brand","embeddable":true,"href":"https:\/\/www.ksttukku.fi\/kauppa\/wp-json\/wp\/v2\/product_brand?post=10176"},{"taxonomy":"product_cat","embeddable":true,"href":"https:\/\/www.ksttukku.fi\/kauppa\/wp-json\/wp\/v2\/product_cat?post=10176"},{"taxonomy":"product_tag","embeddable":true,"href":"https:\/\/www.ksttukku.fi\/kauppa\/wp-json\/wp\/v2\/product_tag?post=10176"}],"curies":[{"name":"wp","href":"https:\/\/api.w.org\/{rel}","templated":true}]}}