{"id":10197,"date":"2022-06-07T15:49:15","date_gmt":"2022-06-07T12:49:15","guid":{"rendered":"https:\/\/www.ksttukku.fi\/kauppa\/?post_type=product&#038;p=10197"},"modified":"2022-06-07T15:49:17","modified_gmt":"2022-06-07T12:49:17","slug":"helmi-hissivalaisin-teras","status":"publish","type":"product","link":"https:\/\/www.ksttukku.fi\/kauppa\/tuote\/helmi-hissivalaisin-teras\/","title":{"rendered":"Helmi hissivalaisin ter\u00e4s"},"content":{"rendered":"<p data-sanitized-data-mce-fragment=\"1\">Metallinen harjattuter\u00e4s hissivalaisin.<\/p>\n<p data-sanitized-data-mce-fragment=\"1\">Valaisimen korkeutta on helppo s\u00e4\u00e4t\u00e4\u00e4 k\u00e4yt\u00e4nn\u00f6llisest\u00e4 kahvasta.<\/p>\n<p data-sanitized-data-mce-fragment=\"1\">Helmi-valaisimessa on kattokoukkukiinnitys.<\/p>\n<p data-sanitized-data-mce-fragment=\"1\">Lampunkanta E27<\/p>\n<p data-sanitized-data-mce-fragment=\"1\">halkaisija 42cm<\/p>\n","protected":false},"excerpt":{"rendered":"<p>Metallinen harjattuter\u00e4s hissivalaisin. Valaisimen korkeutta on helppo s\u00e4\u00e4t\u00e4\u00e4 k\u00e4yt\u00e4nn\u00f6llisest\u00e4 kahvasta. Helmi-valaisimessa on kattokoukkukiinnitys. Lampunkanta E27 halkaisija 42cm<\/p>\n","protected":false},"featured_media":10199,"comment_status":"closed","ping_status":"closed","template":"","meta":[],"product_brand":[],"product_cat":[49,35,34],"product_tag":[],"class_list":{"0":"post-10197","1":"product","2":"type-product","3":"status-publish","4":"has-post-thumbnail","6":"product_cat-riippuvalaisimet","7":"product_cat-sisavalaisimet","8":"product_cat-valaisimet","10":"first","11":"instock","12":"taxable","13":"shipping-taxable","14":"purchasable","15":"product-type-simple"},"_links":{"self":[{"href":"https:\/\/www.ksttukku.fi\/kauppa\/wp-json\/wp\/v2\/product\/10197","targetHints":{"allow":["GET"]}}],"collection":[{"href":"https:\/\/www.ksttukku.fi\/kauppa\/wp-json\/wp\/v2\/product"}],"about":[{"href":"https:\/\/www.ksttukku.fi\/kauppa\/wp-json\/wp\/v2\/types\/product"}],"replies":[{"embeddable":true,"href":"https:\/\/www.ksttukku.fi\/kauppa\/wp-json\/wp\/v2\/comments?post=10197"}],"wp:featuredmedia":[{"embeddable":true,"href":"https:\/\/www.ksttukku.fi\/kauppa\/wp-json\/wp\/v2\/media\/10199"}],"wp:attachment":[{"href":"https:\/\/www.ksttukku.fi\/kauppa\/wp-json\/wp\/v2\/media?parent=10197"}],"wp:term":[{"taxonomy":"product_brand","embeddable":true,"href":"https:\/\/www.ksttukku.fi\/kauppa\/wp-json\/wp\/v2\/product_brand?post=10197"},{"taxonomy":"product_cat","embeddable":true,"href":"https:\/\/www.ksttukku.fi\/kauppa\/wp-json\/wp\/v2\/product_cat?post=10197"},{"taxonomy":"product_tag","embeddable":true,"href":"https:\/\/www.ksttukku.fi\/kauppa\/wp-json\/wp\/v2\/product_tag?post=10197"}],"curies":[{"name":"wp","href":"https:\/\/api.w.org\/{rel}","templated":true}]}}