{"id":10219,"date":"2022-06-08T12:36:23","date_gmt":"2022-06-08T09:36:23","guid":{"rendered":"https:\/\/www.ksttukku.fi\/kauppa\/?post_type=product&#038;p=10219"},"modified":"2022-06-08T14:18:33","modified_gmt":"2022-06-08T11:18:33","slug":"globo-manta-ledkattovalaisin-36w","status":"publish","type":"product","link":"https:\/\/www.ksttukku.fi\/kauppa\/tuote\/globo-manta-ledkattovalaisin-36w\/","title":{"rendered":"Globo Manta-Ledkattovalaisin  36W"},"content":{"rendered":"<p>Led-kattovalaisin 36W<\/p>\n<p>halkaisija 47cm<\/p>\n<p>4000K\u00a0 v\u00e4ril\u00e4mp\u00f6tila<\/p>\n<p>3000lm valon teho<\/p>\n<p>kiinte\u00e4 asennus<\/p>\n<p>&nbsp;<\/p>\n","protected":false},"excerpt":{"rendered":"<p>Led-kattovalaisin 36W halkaisija 47cm 4000K\u00a0 v\u00e4ril\u00e4mp\u00f6tila 3000lm valon teho kiinte\u00e4 asennus &nbsp;<\/p>\n","protected":false},"featured_media":10220,"comment_status":"closed","ping_status":"closed","template":"","meta":[],"product_brand":[],"product_cat":[40,35,34],"product_tag":[],"class_list":{"0":"post-10219","1":"product","2":"type-product","3":"status-publish","4":"has-post-thumbnail","6":"product_cat-kattovalaisimet","7":"product_cat-sisavalaisimet","8":"product_cat-valaisimet","10":"first","11":"instock","12":"taxable","13":"shipping-taxable","14":"purchasable","15":"product-type-simple"},"_links":{"self":[{"href":"https:\/\/www.ksttukku.fi\/kauppa\/wp-json\/wp\/v2\/product\/10219","targetHints":{"allow":["GET"]}}],"collection":[{"href":"https:\/\/www.ksttukku.fi\/kauppa\/wp-json\/wp\/v2\/product"}],"about":[{"href":"https:\/\/www.ksttukku.fi\/kauppa\/wp-json\/wp\/v2\/types\/product"}],"replies":[{"embeddable":true,"href":"https:\/\/www.ksttukku.fi\/kauppa\/wp-json\/wp\/v2\/comments?post=10219"}],"wp:featuredmedia":[{"embeddable":true,"href":"https:\/\/www.ksttukku.fi\/kauppa\/wp-json\/wp\/v2\/media\/10220"}],"wp:attachment":[{"href":"https:\/\/www.ksttukku.fi\/kauppa\/wp-json\/wp\/v2\/media?parent=10219"}],"wp:term":[{"taxonomy":"product_brand","embeddable":true,"href":"https:\/\/www.ksttukku.fi\/kauppa\/wp-json\/wp\/v2\/product_brand?post=10219"},{"taxonomy":"product_cat","embeddable":true,"href":"https:\/\/www.ksttukku.fi\/kauppa\/wp-json\/wp\/v2\/product_cat?post=10219"},{"taxonomy":"product_tag","embeddable":true,"href":"https:\/\/www.ksttukku.fi\/kauppa\/wp-json\/wp\/v2\/product_tag?post=10219"}],"curies":[{"name":"wp","href":"https:\/\/api.w.org\/{rel}","templated":true}]}}