{"id":10224,"date":"2022-06-09T15:31:23","date_gmt":"2022-06-09T12:31:23","guid":{"rendered":"https:\/\/www.ksttukku.fi\/kauppa\/?post_type=product&#038;p=10224"},"modified":"2026-02-24T10:13:22","modified_gmt":"2026-02-24T08:13:22","slug":"kuivausteline-bambu","status":"publish","type":"product","link":"https:\/\/www.ksttukku.fi\/kauppa\/tuote\/kuivausteline-bambu\/","title":{"rendered":"Kuivausteline bambu"},"content":{"rendered":"<p>Tyylik\u00e4s bambusta valmistettu kevyt, tukeva ja k\u00e4yt\u00e4nn\u00f6llinen pyykinkuivausteline.<\/p>\n<p>Muotoilunsa ansiosta teline sopii erinomaisesti my\u00f6s pieniin tiloihin ja se on helppo taittaa kokoon s\u00e4ilytyksen ajaksi.<\/p>\n<p>Telineess\u00e4 on 11 kuivausrimaa, joiden leveys on 66 cm. Telineen kokonaiskuivausala on 7,2 m. Ei vaadi kokoamista.<\/p>\n<p>Leveys 74 cm<\/p>\n<p>korkeus 105 cm<\/p>\n<p>syvyys 36cm<\/p>\n","protected":false},"excerpt":{"rendered":"<p>Tyylik\u00e4s bambusta valmistettu kevyt, tukeva ja k\u00e4yt\u00e4nn\u00f6llinen pyykinkuivausteline. Muotoilunsa ansiosta teline sopii erinomaisesti my\u00f6s pieniin tiloihin ja se on helppo taittaa kokoon s\u00e4ilytyksen ajaksi. Telineess\u00e4 on 11 kuivausrimaa, joiden leveys on 66 cm. Telineen kokonaiskuivausala on 7,2 m. Ei vaadi kokoamista. Leveys 74 cm korkeus 105 cm syvyys 36cm<\/p>\n","protected":false},"featured_media":10231,"comment_status":"closed","ping_status":"closed","template":"","meta":[],"product_brand":[],"product_cat":[150,205],"product_tag":[],"class_list":{"0":"post-10224","1":"product","2":"type-product","3":"status-publish","4":"has-post-thumbnail","6":"product_cat-kylpyhuone","7":"product_cat-pyyhekuivaimet","9":"first","10":"outofstock","11":"taxable","12":"shipping-taxable","13":"purchasable","14":"product-type-simple"},"_links":{"self":[{"href":"https:\/\/www.ksttukku.fi\/kauppa\/wp-json\/wp\/v2\/product\/10224","targetHints":{"allow":["GET"]}}],"collection":[{"href":"https:\/\/www.ksttukku.fi\/kauppa\/wp-json\/wp\/v2\/product"}],"about":[{"href":"https:\/\/www.ksttukku.fi\/kauppa\/wp-json\/wp\/v2\/types\/product"}],"replies":[{"embeddable":true,"href":"https:\/\/www.ksttukku.fi\/kauppa\/wp-json\/wp\/v2\/comments?post=10224"}],"wp:featuredmedia":[{"embeddable":true,"href":"https:\/\/www.ksttukku.fi\/kauppa\/wp-json\/wp\/v2\/media\/10231"}],"wp:attachment":[{"href":"https:\/\/www.ksttukku.fi\/kauppa\/wp-json\/wp\/v2\/media?parent=10224"}],"wp:term":[{"taxonomy":"product_brand","embeddable":true,"href":"https:\/\/www.ksttukku.fi\/kauppa\/wp-json\/wp\/v2\/product_brand?post=10224"},{"taxonomy":"product_cat","embeddable":true,"href":"https:\/\/www.ksttukku.fi\/kauppa\/wp-json\/wp\/v2\/product_cat?post=10224"},{"taxonomy":"product_tag","embeddable":true,"href":"https:\/\/www.ksttukku.fi\/kauppa\/wp-json\/wp\/v2\/product_tag?post=10224"}],"curies":[{"name":"wp","href":"https:\/\/api.w.org\/{rel}","templated":true}]}}