{"id":10240,"date":"2022-06-09T16:51:23","date_gmt":"2022-06-09T13:51:23","guid":{"rendered":"https:\/\/www.ksttukku.fi\/kauppa\/?post_type=product&#038;p=10240"},"modified":"2024-07-15T16:24:17","modified_gmt":"2024-07-15T13:24:17","slug":"muovinen-kesamatto-lehdet-150x210cm","status":"publish","type":"product","link":"https:\/\/www.ksttukku.fi\/kauppa\/tuote\/muovinen-kesamatto-lehdet-150x210cm\/","title":{"rendered":"Muovinen kes\u00e4matto lehdet 150x210cm"},"content":{"rendered":"<p>helppohoitoinen muovimatto terassille tai kes\u00e4keitti\u00f6\u00f6n<\/p>\n","protected":false},"excerpt":{"rendered":"<p>helppohoitoinen muovimatto terassille tai kes\u00e4keitti\u00f6\u00f6n<\/p>\n","protected":false},"featured_media":10241,"comment_status":"closed","ping_status":"closed","template":"","meta":[],"product_brand":[],"product_cat":[22,28,64],"product_tag":[],"class_list":{"0":"post-10240","1":"product","2":"type-product","3":"status-publish","4":"has-post-thumbnail","6":"product_cat-matot","7":"product_cat-muovimatot","8":"product_cat-terassimatot","10":"first","11":"instock","12":"sale","13":"downloadable","14":"taxable","15":"shipping-taxable","16":"purchasable","17":"product-type-simple"},"_links":{"self":[{"href":"https:\/\/www.ksttukku.fi\/kauppa\/wp-json\/wp\/v2\/product\/10240","targetHints":{"allow":["GET"]}}],"collection":[{"href":"https:\/\/www.ksttukku.fi\/kauppa\/wp-json\/wp\/v2\/product"}],"about":[{"href":"https:\/\/www.ksttukku.fi\/kauppa\/wp-json\/wp\/v2\/types\/product"}],"replies":[{"embeddable":true,"href":"https:\/\/www.ksttukku.fi\/kauppa\/wp-json\/wp\/v2\/comments?post=10240"}],"wp:featuredmedia":[{"embeddable":true,"href":"https:\/\/www.ksttukku.fi\/kauppa\/wp-json\/wp\/v2\/media\/10241"}],"wp:attachment":[{"href":"https:\/\/www.ksttukku.fi\/kauppa\/wp-json\/wp\/v2\/media?parent=10240"}],"wp:term":[{"taxonomy":"product_brand","embeddable":true,"href":"https:\/\/www.ksttukku.fi\/kauppa\/wp-json\/wp\/v2\/product_brand?post=10240"},{"taxonomy":"product_cat","embeddable":true,"href":"https:\/\/www.ksttukku.fi\/kauppa\/wp-json\/wp\/v2\/product_cat?post=10240"},{"taxonomy":"product_tag","embeddable":true,"href":"https:\/\/www.ksttukku.fi\/kauppa\/wp-json\/wp\/v2\/product_tag?post=10240"}],"curies":[{"name":"wp","href":"https:\/\/api.w.org\/{rel}","templated":true}]}}