{"id":10270,"date":"2022-06-11T12:39:03","date_gmt":"2022-06-11T09:39:03","guid":{"rendered":"https:\/\/www.ksttukku.fi\/kauppa\/?post_type=product&#038;p=10270"},"modified":"2022-06-11T12:39:34","modified_gmt":"2022-06-11T09:39:34","slug":"metallilyhty-80-cm-korkea-54851","status":"publish","type":"product","link":"https:\/\/www.ksttukku.fi\/kauppa\/tuote\/metallilyhty-80-cm-korkea-54851\/","title":{"rendered":"Metallilyhty 80 cm korkea 54851"},"content":{"rendered":"<p data-sanitized-data-mce-fragment=\"1\">Koristeellinen, musta metallilyhty luo n\u00e4ytt\u00e4v\u00e4n tunnelman.<\/p>\n<p data-sanitized-data-mce-fragment=\"1\">halkaisija\u00a0\u00a0 23cm<\/p>\n<p data-sanitized-data-mce-fragment=\"1\">korkeus \u00a0\u00a0 80cm<\/p>\n","protected":false},"excerpt":{"rendered":"<p>Koristeellinen, musta metallilyhty luo n\u00e4ytt\u00e4v\u00e4n tunnelman. halkaisija\u00a0\u00a0 23cm korkeus \u00a0\u00a0 80cm<\/p>\n","protected":false},"featured_media":10271,"comment_status":"closed","ping_status":"closed","template":"","meta":[],"product_brand":[],"product_cat":[484,377],"product_tag":[],"class_list":{"0":"post-10270","1":"product","2":"type-product","3":"status-publish","4":"has-post-thumbnail","6":"product_cat-lyhdyt","7":"product_cat-sisustus-lahjatavarat","9":"first","10":"instock","11":"taxable","12":"shipping-taxable","13":"purchasable","14":"product-type-simple"},"_links":{"self":[{"href":"https:\/\/www.ksttukku.fi\/kauppa\/wp-json\/wp\/v2\/product\/10270","targetHints":{"allow":["GET"]}}],"collection":[{"href":"https:\/\/www.ksttukku.fi\/kauppa\/wp-json\/wp\/v2\/product"}],"about":[{"href":"https:\/\/www.ksttukku.fi\/kauppa\/wp-json\/wp\/v2\/types\/product"}],"replies":[{"embeddable":true,"href":"https:\/\/www.ksttukku.fi\/kauppa\/wp-json\/wp\/v2\/comments?post=10270"}],"wp:featuredmedia":[{"embeddable":true,"href":"https:\/\/www.ksttukku.fi\/kauppa\/wp-json\/wp\/v2\/media\/10271"}],"wp:attachment":[{"href":"https:\/\/www.ksttukku.fi\/kauppa\/wp-json\/wp\/v2\/media?parent=10270"}],"wp:term":[{"taxonomy":"product_brand","embeddable":true,"href":"https:\/\/www.ksttukku.fi\/kauppa\/wp-json\/wp\/v2\/product_brand?post=10270"},{"taxonomy":"product_cat","embeddable":true,"href":"https:\/\/www.ksttukku.fi\/kauppa\/wp-json\/wp\/v2\/product_cat?post=10270"},{"taxonomy":"product_tag","embeddable":true,"href":"https:\/\/www.ksttukku.fi\/kauppa\/wp-json\/wp\/v2\/product_tag?post=10270"}],"curies":[{"name":"wp","href":"https:\/\/api.w.org\/{rel}","templated":true}]}}