{"id":10375,"date":"2022-06-20T15:09:40","date_gmt":"2022-06-20T12:09:40","guid":{"rendered":"https:\/\/www.ksttukku.fi\/kauppa\/?post_type=product&#038;p=10375"},"modified":"2022-06-20T15:09:41","modified_gmt":"2022-06-20T12:09:41","slug":"solar-valaisin-36516","status":"publish","type":"product","link":"https:\/\/www.ksttukku.fi\/kauppa\/tuote\/solar-valaisin-36516\/","title":{"rendered":"Solar valaisin 36516"},"content":{"rendered":"<p>Puutarhaan tai terassille luomaan tunnelmaa,puunmuotoinen solarvalo 0.06W<\/p>\n<p>materiaali muovia<\/p>\n<p>v\u00e4ril\u00e4mp\u00f6tila 3000K<\/p>\n<p>IP 44<\/p>\n<p>korkeus 25,5cm<\/p>\n<p>leveys 30,5 cm<\/p>\n<p>syvyys 8,5cm<\/p>\n<p>ajastin<\/p>\n","protected":false},"excerpt":{"rendered":"<p>Puutarhaan tai terassille luomaan tunnelmaa,puunmuotoinen solarvalo 0.06W materiaali muovia v\u00e4ril\u00e4mp\u00f6tila 3000K IP 44 korkeus 25,5cm leveys 30,5 cm syvyys 8,5cm ajastin<\/p>\n","protected":false},"featured_media":10376,"comment_status":"closed","ping_status":"closed","template":"","meta":[],"product_brand":[],"product_cat":[306,362,36],"product_tag":[],"class_list":{"0":"post-10375","1":"product","2":"type-product","3":"status-publish","4":"has-post-thumbnail","6":"product_cat-aurinkokennovalaisimet","7":"product_cat-puutarhavalaisimet","8":"product_cat-ulkovalaisimet","10":"first","11":"instock","12":"taxable","13":"shipping-taxable","14":"purchasable","15":"product-type-simple"},"_links":{"self":[{"href":"https:\/\/www.ksttukku.fi\/kauppa\/wp-json\/wp\/v2\/product\/10375","targetHints":{"allow":["GET"]}}],"collection":[{"href":"https:\/\/www.ksttukku.fi\/kauppa\/wp-json\/wp\/v2\/product"}],"about":[{"href":"https:\/\/www.ksttukku.fi\/kauppa\/wp-json\/wp\/v2\/types\/product"}],"replies":[{"embeddable":true,"href":"https:\/\/www.ksttukku.fi\/kauppa\/wp-json\/wp\/v2\/comments?post=10375"}],"wp:featuredmedia":[{"embeddable":true,"href":"https:\/\/www.ksttukku.fi\/kauppa\/wp-json\/wp\/v2\/media\/10376"}],"wp:attachment":[{"href":"https:\/\/www.ksttukku.fi\/kauppa\/wp-json\/wp\/v2\/media?parent=10375"}],"wp:term":[{"taxonomy":"product_brand","embeddable":true,"href":"https:\/\/www.ksttukku.fi\/kauppa\/wp-json\/wp\/v2\/product_brand?post=10375"},{"taxonomy":"product_cat","embeddable":true,"href":"https:\/\/www.ksttukku.fi\/kauppa\/wp-json\/wp\/v2\/product_cat?post=10375"},{"taxonomy":"product_tag","embeddable":true,"href":"https:\/\/www.ksttukku.fi\/kauppa\/wp-json\/wp\/v2\/product_tag?post=10375"}],"curies":[{"name":"wp","href":"https:\/\/api.w.org\/{rel}","templated":true}]}}