{"id":10378,"date":"2022-06-21T15:43:36","date_gmt":"2022-06-21T12:43:36","guid":{"rendered":"https:\/\/www.ksttukku.fi\/kauppa\/?post_type=product&#038;p=10378"},"modified":"2022-06-21T15:45:15","modified_gmt":"2022-06-21T12:45:15","slug":"hestia-nature-juuttimatto-160x230cm","status":"publish","type":"product","link":"https:\/\/www.ksttukku.fi\/kauppa\/tuote\/hestia-nature-juuttimatto-160x230cm\/","title":{"rendered":"Hestia nature  juuttimatto 160x230cm"},"content":{"rendered":"<p>HESTIA\u00ae Juutti -matto on valmistettu juutista. Kest\u00e4v\u00e4 matto on ajaton ja soveltuu kodin moneen tilaan, my\u00f6s<br \/>\nkatetulle terassille. Matto on k\u00e4sity\u00f6n\u00e4 Intiassa<br \/>\nvalmistettu, jokainen matto on yksil\u00f6llinen.<\/p>\n<p>Materiaali: juuttia \/ puuvilla<br \/>\nPaino: 1700 g \/ m\u00b2<br \/>\nHoito-ohje: Imurointi. Suositellaan tasopesua pesulassa 20 astee<\/p>\n<p>&nbsp;<\/p>\n","protected":false},"excerpt":{"rendered":"<p>HESTIA\u00ae Juutti -matto on valmistettu juutista. Kest\u00e4v\u00e4 matto on ajaton ja soveltuu kodin moneen tilaan, my\u00f6s katetulle terassille. Matto on k\u00e4sity\u00f6n\u00e4 Intiassa valmistettu, jokainen matto on yksil\u00f6llinen. Materiaali: juuttia \/ puuvilla Paino: 1700 g \/ m\u00b2 Hoito-ohje: Imurointi. Suositellaan tasopesua pesulassa 20 astee &nbsp;<\/p>\n","protected":false},"featured_media":10379,"comment_status":"closed","ping_status":"closed","template":"","meta":[],"product_brand":[],"product_cat":[389,22,64],"product_tag":[],"class_list":{"0":"post-10378","1":"product","2":"type-product","3":"status-publish","4":"has-post-thumbnail","6":"product_cat-juuttimatot","7":"product_cat-matot","8":"product_cat-terassimatot","10":"first","11":"instock","12":"taxable","13":"shipping-taxable","14":"purchasable","15":"product-type-simple"},"_links":{"self":[{"href":"https:\/\/www.ksttukku.fi\/kauppa\/wp-json\/wp\/v2\/product\/10378","targetHints":{"allow":["GET"]}}],"collection":[{"href":"https:\/\/www.ksttukku.fi\/kauppa\/wp-json\/wp\/v2\/product"}],"about":[{"href":"https:\/\/www.ksttukku.fi\/kauppa\/wp-json\/wp\/v2\/types\/product"}],"replies":[{"embeddable":true,"href":"https:\/\/www.ksttukku.fi\/kauppa\/wp-json\/wp\/v2\/comments?post=10378"}],"wp:featuredmedia":[{"embeddable":true,"href":"https:\/\/www.ksttukku.fi\/kauppa\/wp-json\/wp\/v2\/media\/10379"}],"wp:attachment":[{"href":"https:\/\/www.ksttukku.fi\/kauppa\/wp-json\/wp\/v2\/media?parent=10378"}],"wp:term":[{"taxonomy":"product_brand","embeddable":true,"href":"https:\/\/www.ksttukku.fi\/kauppa\/wp-json\/wp\/v2\/product_brand?post=10378"},{"taxonomy":"product_cat","embeddable":true,"href":"https:\/\/www.ksttukku.fi\/kauppa\/wp-json\/wp\/v2\/product_cat?post=10378"},{"taxonomy":"product_tag","embeddable":true,"href":"https:\/\/www.ksttukku.fi\/kauppa\/wp-json\/wp\/v2\/product_tag?post=10378"}],"curies":[{"name":"wp","href":"https:\/\/api.w.org\/{rel}","templated":true}]}}