{"id":10442,"date":"2022-07-09T13:15:15","date_gmt":"2022-07-09T10:15:15","guid":{"rendered":"https:\/\/www.ksttukku.fi\/kauppa\/?post_type=product&#038;p=10442"},"modified":"2024-10-28T10:03:17","modified_gmt":"2024-10-28T08:03:17","slug":"airam-radar-10w-4000k","status":"publish","type":"product","link":"https:\/\/www.ksttukku.fi\/kauppa\/tuote\/airam-radar-10w-4000k\/","title":{"rendered":"Airam Radar 10W 4000K"},"content":{"rendered":"<p>Liiketunnistinlampuissa on sis\u00e4\u00e4nrakennettu mikroaaltosensori, jossa on vahva tunnistinkantama.<\/p>\n<p>Kun liikett\u00e4 tunnistetaan, lamppu syttyy ensin 45 sekunniksi.<\/p>\n<p>Jos liikkeen ei tunnisteta jatkuvan, lamppu jatkaa 15 sekuntia 50 % valoteholla ennen sammumista.<\/p>\n<p>Radar reagoi my\u00f6s kevyiden v\u00e4liseinien l\u00e4pi<\/p>\n<p>Lamppu reagoi liikkeeseen 5-8 metrin et\u00e4isyydelt\u00e4 ja jopa 5 metrin korkeudesta.<\/p>\n<p>teho 1055 lm<\/p>\n<p>Ei UV- tai IR- s\u00e4teily\u00e4<\/p>\n<p>E 27 kanta<\/p>\n","protected":false},"excerpt":{"rendered":"<p>Liiketunnistinlampuissa on sis\u00e4\u00e4nrakennettu mikroaaltosensori, jossa on vahva tunnistinkantama. Kun liikett\u00e4 tunnistetaan, lamppu syttyy ensin 45 sekunniksi. Jos liikkeen ei tunnisteta jatkuvan, lamppu jatkaa 15 sekuntia 50 % valoteholla ennen sammumista. Radar reagoi my\u00f6s kevyiden v\u00e4liseinien l\u00e4pi Lamppu reagoi liikkeeseen 5-8 metrin et\u00e4isyydelt\u00e4 ja jopa 5 metrin korkeudesta. teho 1055 lm Ei UV- tai IR- s\u00e4teily\u00e4 [&hellip;]<\/p>\n","protected":false},"featured_media":10449,"comment_status":"closed","ping_status":"closed","template":"","meta":[],"product_brand":[],"product_cat":[186,185,34],"product_tag":[],"class_list":{"0":"post-10442","1":"product","2":"type-product","3":"status-publish","4":"has-post-thumbnail","6":"product_cat-ledlamput","7":"product_cat-lamput","8":"product_cat-valaisimet","10":"first","11":"instock","12":"taxable","13":"shipping-taxable","14":"purchasable","15":"product-type-simple"},"_links":{"self":[{"href":"https:\/\/www.ksttukku.fi\/kauppa\/wp-json\/wp\/v2\/product\/10442","targetHints":{"allow":["GET"]}}],"collection":[{"href":"https:\/\/www.ksttukku.fi\/kauppa\/wp-json\/wp\/v2\/product"}],"about":[{"href":"https:\/\/www.ksttukku.fi\/kauppa\/wp-json\/wp\/v2\/types\/product"}],"replies":[{"embeddable":true,"href":"https:\/\/www.ksttukku.fi\/kauppa\/wp-json\/wp\/v2\/comments?post=10442"}],"wp:featuredmedia":[{"embeddable":true,"href":"https:\/\/www.ksttukku.fi\/kauppa\/wp-json\/wp\/v2\/media\/10449"}],"wp:attachment":[{"href":"https:\/\/www.ksttukku.fi\/kauppa\/wp-json\/wp\/v2\/media?parent=10442"}],"wp:term":[{"taxonomy":"product_brand","embeddable":true,"href":"https:\/\/www.ksttukku.fi\/kauppa\/wp-json\/wp\/v2\/product_brand?post=10442"},{"taxonomy":"product_cat","embeddable":true,"href":"https:\/\/www.ksttukku.fi\/kauppa\/wp-json\/wp\/v2\/product_cat?post=10442"},{"taxonomy":"product_tag","embeddable":true,"href":"https:\/\/www.ksttukku.fi\/kauppa\/wp-json\/wp\/v2\/product_tag?post=10442"}],"curies":[{"name":"wp","href":"https:\/\/api.w.org\/{rel}","templated":true}]}}