{"id":10448,"date":"2022-07-09T13:17:22","date_gmt":"2022-07-09T10:17:22","guid":{"rendered":"https:\/\/www.ksttukku.fi\/kauppa\/?post_type=product&#038;p=10448"},"modified":"2022-07-09T13:17:22","modified_gmt":"2022-07-09T10:17:22","slug":"vedin-7796-96mm-mattaniklattu","status":"publish","type":"product","link":"https:\/\/www.ksttukku.fi\/kauppa\/tuote\/vedin-7796-96mm-mattaniklattu\/","title":{"rendered":"Vedin 7796, 96mm, mattaniklattu"},"content":{"rendered":"<p>&#8211; reik\u00e4v\u00e4li 96 mm<br \/>\n&#8211; leveys 115 mm<br \/>\n&#8211; korkeus levyn pinnasta 11 mm<br \/>\n&#8211; sormiv\u00e4li 9 mm<br \/>\n&#8211; paksuus 33 mm<br \/>\n&#8211; aukko 15 x 83,5 mm<\/p>\n","protected":false},"excerpt":{"rendered":"<p>&#8211; reik\u00e4v\u00e4li 96 mm &#8211; leveys 115 mm &#8211; korkeus levyn pinnasta 11 mm &#8211; sormiv\u00e4li 9 mm &#8211; paksuus 33 mm &#8211; aukko 15 x 83,5 mm<\/p>\n","protected":false},"featured_media":10450,"comment_status":"closed","ping_status":"closed","template":"","meta":[],"product_brand":[],"product_cat":[263,265],"product_tag":[],"class_list":{"0":"post-10448","1":"product","2":"type-product","3":"status-publish","4":"has-post-thumbnail","6":"product_cat-vetimet","7":"product_cat-vetimet-ja-nupit","9":"first","10":"instock","11":"taxable","12":"shipping-taxable","13":"purchasable","14":"product-type-simple"},"_links":{"self":[{"href":"https:\/\/www.ksttukku.fi\/kauppa\/wp-json\/wp\/v2\/product\/10448","targetHints":{"allow":["GET"]}}],"collection":[{"href":"https:\/\/www.ksttukku.fi\/kauppa\/wp-json\/wp\/v2\/product"}],"about":[{"href":"https:\/\/www.ksttukku.fi\/kauppa\/wp-json\/wp\/v2\/types\/product"}],"replies":[{"embeddable":true,"href":"https:\/\/www.ksttukku.fi\/kauppa\/wp-json\/wp\/v2\/comments?post=10448"}],"wp:featuredmedia":[{"embeddable":true,"href":"https:\/\/www.ksttukku.fi\/kauppa\/wp-json\/wp\/v2\/media\/10450"}],"wp:attachment":[{"href":"https:\/\/www.ksttukku.fi\/kauppa\/wp-json\/wp\/v2\/media?parent=10448"}],"wp:term":[{"taxonomy":"product_brand","embeddable":true,"href":"https:\/\/www.ksttukku.fi\/kauppa\/wp-json\/wp\/v2\/product_brand?post=10448"},{"taxonomy":"product_cat","embeddable":true,"href":"https:\/\/www.ksttukku.fi\/kauppa\/wp-json\/wp\/v2\/product_cat?post=10448"},{"taxonomy":"product_tag","embeddable":true,"href":"https:\/\/www.ksttukku.fi\/kauppa\/wp-json\/wp\/v2\/product_tag?post=10448"}],"curies":[{"name":"wp","href":"https:\/\/api.w.org\/{rel}","templated":true}]}}