{"id":10451,"date":"2022-07-09T13:24:15","date_gmt":"2022-07-09T10:24:15","guid":{"rendered":"https:\/\/www.ksttukku.fi\/kauppa\/?post_type=product&#038;p=10451"},"modified":"2024-10-28T09:56:01","modified_gmt":"2024-10-28T07:56:01","slug":"airam-radar-sensor-3000k","status":"publish","type":"product","link":"https:\/\/www.ksttukku.fi\/kauppa\/tuote\/airam-radar-sensor-3000k\/","title":{"rendered":"Airam radar sensor 2700 K     1055lm"},"content":{"rendered":"<p>Hyviss\u00e4 olosuhteissa lamput reagoivat liikkeesen 5\u20138 metrin et\u00e4isyydelt\u00e4 ja jopa 5 metrin korkeudesta.<\/p>\n<p>Radar reagoi my\u00f6s kevyiden v\u00e4liseinien l\u00e4pi.<\/p>\n<p>Valaisinvalinnalla on vaikutus mainittuihin et\u00e4isyyksiin.<\/p>\n<p>Hyv\u00e4 v\u00e4rintoisto CRI &gt; 80.<\/p>\n<p>Jatkuva tasainen spektri, ei v\u00e4riv\u00e4\u00e4ristymi\u00e4.<\/p>\n<p>Ei UV- tai IR-s\u00e4teily\u00e4.<\/p>\n<p>Eiv\u00e4t sis\u00e4ll\u00e4 elohopeaa.<\/p>\n<p>Kolmen vuoden takuu.<\/p>\n","protected":false},"excerpt":{"rendered":"<p>Hyviss\u00e4 olosuhteissa lamput reagoivat liikkeesen 5\u20138 metrin et\u00e4isyydelt\u00e4 ja jopa 5 metrin korkeudesta. Radar reagoi my\u00f6s kevyiden v\u00e4liseinien l\u00e4pi. Valaisinvalinnalla on vaikutus mainittuihin et\u00e4isyyksiin. Hyv\u00e4 v\u00e4rintoisto CRI &gt; 80. Jatkuva tasainen spektri, ei v\u00e4riv\u00e4\u00e4ristymi\u00e4. Ei UV- tai IR-s\u00e4teily\u00e4. Eiv\u00e4t sis\u00e4ll\u00e4 elohopeaa. Kolmen vuoden takuu.<\/p>\n","protected":false},"featured_media":10452,"comment_status":"closed","ping_status":"closed","template":"","meta":[],"product_brand":[],"product_cat":[186,185,34],"product_tag":[],"class_list":{"0":"post-10451","1":"product","2":"type-product","3":"status-publish","4":"has-post-thumbnail","6":"product_cat-ledlamput","7":"product_cat-lamput","8":"product_cat-valaisimet","10":"first","11":"instock","12":"taxable","13":"shipping-taxable","14":"purchasable","15":"product-type-simple"},"_links":{"self":[{"href":"https:\/\/www.ksttukku.fi\/kauppa\/wp-json\/wp\/v2\/product\/10451","targetHints":{"allow":["GET"]}}],"collection":[{"href":"https:\/\/www.ksttukku.fi\/kauppa\/wp-json\/wp\/v2\/product"}],"about":[{"href":"https:\/\/www.ksttukku.fi\/kauppa\/wp-json\/wp\/v2\/types\/product"}],"replies":[{"embeddable":true,"href":"https:\/\/www.ksttukku.fi\/kauppa\/wp-json\/wp\/v2\/comments?post=10451"}],"wp:featuredmedia":[{"embeddable":true,"href":"https:\/\/www.ksttukku.fi\/kauppa\/wp-json\/wp\/v2\/media\/10452"}],"wp:attachment":[{"href":"https:\/\/www.ksttukku.fi\/kauppa\/wp-json\/wp\/v2\/media?parent=10451"}],"wp:term":[{"taxonomy":"product_brand","embeddable":true,"href":"https:\/\/www.ksttukku.fi\/kauppa\/wp-json\/wp\/v2\/product_brand?post=10451"},{"taxonomy":"product_cat","embeddable":true,"href":"https:\/\/www.ksttukku.fi\/kauppa\/wp-json\/wp\/v2\/product_cat?post=10451"},{"taxonomy":"product_tag","embeddable":true,"href":"https:\/\/www.ksttukku.fi\/kauppa\/wp-json\/wp\/v2\/product_tag?post=10451"}],"curies":[{"name":"wp","href":"https:\/\/api.w.org\/{rel}","templated":true}]}}