{"id":10475,"date":"2022-07-11T15:21:09","date_gmt":"2022-07-11T12:21:09","guid":{"rendered":"https:\/\/www.ksttukku.fi\/kauppa\/?post_type=product&#038;p=10475"},"modified":"2022-07-11T15:21:10","modified_gmt":"2022-07-11T12:21:10","slug":"saatotangon-valivaijeri-16-cm","status":"publish","type":"product","link":"https:\/\/www.ksttukku.fi\/kauppa\/tuote\/saatotangon-valivaijeri-16-cm\/","title":{"rendered":"S\u00e4\u00e4t\u00f6tangon v\u00e4livaijeri 16  cm"},"content":{"rendered":"<p>S\u00e4lekaihtimen s\u00e4\u00e4t\u00f6vaijeri sopii\u00a0 perinteisiin s\u00e4lekaihtimiin.<\/p>\n<p>ruuvikiinnitys<\/p>\n<p>muovi\/ter\u00e4s<\/p>\n","protected":false},"excerpt":{"rendered":"<p>S\u00e4lekaihtimen s\u00e4\u00e4t\u00f6vaijeri sopii\u00a0 perinteisiin s\u00e4lekaihtimiin. ruuvikiinnitys muovi\/ter\u00e4s<\/p>\n","protected":false},"featured_media":10476,"comment_status":"closed","ping_status":"closed","template":"","meta":[],"product_brand":[],"product_cat":[114,113],"product_tag":[],"class_list":{"0":"post-10475","1":"product","2":"type-product","3":"status-publish","4":"has-post-thumbnail","6":"product_cat-salekaihtimen-varaosat","7":"product_cat-salekaihtimet","9":"first","10":"instock","11":"taxable","12":"shipping-taxable","13":"purchasable","14":"product-type-simple"},"_links":{"self":[{"href":"https:\/\/www.ksttukku.fi\/kauppa\/wp-json\/wp\/v2\/product\/10475","targetHints":{"allow":["GET"]}}],"collection":[{"href":"https:\/\/www.ksttukku.fi\/kauppa\/wp-json\/wp\/v2\/product"}],"about":[{"href":"https:\/\/www.ksttukku.fi\/kauppa\/wp-json\/wp\/v2\/types\/product"}],"replies":[{"embeddable":true,"href":"https:\/\/www.ksttukku.fi\/kauppa\/wp-json\/wp\/v2\/comments?post=10475"}],"wp:featuredmedia":[{"embeddable":true,"href":"https:\/\/www.ksttukku.fi\/kauppa\/wp-json\/wp\/v2\/media\/10476"}],"wp:attachment":[{"href":"https:\/\/www.ksttukku.fi\/kauppa\/wp-json\/wp\/v2\/media?parent=10475"}],"wp:term":[{"taxonomy":"product_brand","embeddable":true,"href":"https:\/\/www.ksttukku.fi\/kauppa\/wp-json\/wp\/v2\/product_brand?post=10475"},{"taxonomy":"product_cat","embeddable":true,"href":"https:\/\/www.ksttukku.fi\/kauppa\/wp-json\/wp\/v2\/product_cat?post=10475"},{"taxonomy":"product_tag","embeddable":true,"href":"https:\/\/www.ksttukku.fi\/kauppa\/wp-json\/wp\/v2\/product_tag?post=10475"}],"curies":[{"name":"wp","href":"https:\/\/api.w.org\/{rel}","templated":true}]}}