{"id":10482,"date":"2022-07-11T16:45:39","date_gmt":"2022-07-11T13:45:39","guid":{"rendered":"https:\/\/www.ksttukku.fi\/kauppa\/?post_type=product&#038;p=10482"},"modified":"2022-07-11T16:45:40","modified_gmt":"2022-07-11T13:45:40","slug":"naruohjain-salekaihtimeen","status":"publish","type":"product","link":"https:\/\/www.ksttukku.fi\/kauppa\/tuote\/naruohjain-salekaihtimeen\/","title":{"rendered":"Naruohjain s\u00e4lekaihtimeen"},"content":{"rendered":"<p>Naruohjain ikkunan v\u00e4liin asetettavaan s\u00e4lekaihtimeen.<\/p>\n","protected":false},"excerpt":{"rendered":"<p>Naruohjain ikkunan v\u00e4liin asetettavaan s\u00e4lekaihtimeen.<\/p>\n","protected":false},"featured_media":10483,"comment_status":"closed","ping_status":"closed","template":"","meta":[],"product_brand":[],"product_cat":[114,113],"product_tag":[],"class_list":{"0":"post-10482","1":"product","2":"type-product","3":"status-publish","4":"has-post-thumbnail","6":"product_cat-salekaihtimen-varaosat","7":"product_cat-salekaihtimet","9":"first","10":"instock","11":"taxable","12":"shipping-taxable","13":"purchasable","14":"product-type-simple"},"_links":{"self":[{"href":"https:\/\/www.ksttukku.fi\/kauppa\/wp-json\/wp\/v2\/product\/10482","targetHints":{"allow":["GET"]}}],"collection":[{"href":"https:\/\/www.ksttukku.fi\/kauppa\/wp-json\/wp\/v2\/product"}],"about":[{"href":"https:\/\/www.ksttukku.fi\/kauppa\/wp-json\/wp\/v2\/types\/product"}],"replies":[{"embeddable":true,"href":"https:\/\/www.ksttukku.fi\/kauppa\/wp-json\/wp\/v2\/comments?post=10482"}],"wp:featuredmedia":[{"embeddable":true,"href":"https:\/\/www.ksttukku.fi\/kauppa\/wp-json\/wp\/v2\/media\/10483"}],"wp:attachment":[{"href":"https:\/\/www.ksttukku.fi\/kauppa\/wp-json\/wp\/v2\/media?parent=10482"}],"wp:term":[{"taxonomy":"product_brand","embeddable":true,"href":"https:\/\/www.ksttukku.fi\/kauppa\/wp-json\/wp\/v2\/product_brand?post=10482"},{"taxonomy":"product_cat","embeddable":true,"href":"https:\/\/www.ksttukku.fi\/kauppa\/wp-json\/wp\/v2\/product_cat?post=10482"},{"taxonomy":"product_tag","embeddable":true,"href":"https:\/\/www.ksttukku.fi\/kauppa\/wp-json\/wp\/v2\/product_tag?post=10482"}],"curies":[{"name":"wp","href":"https:\/\/api.w.org\/{rel}","templated":true}]}}